{"id":577,"date":"2022-03-31T23:35:45","date_gmt":"2022-03-31T23:35:45","guid":{"rendered":"http:\/\/www.utbb.edu.mx\/?page_id=577"},"modified":"2024-06-10T18:35:19","modified_gmt":"2024-06-11T00:35:19","slug":"incubadora-de-negocios","status":"publish","type":"page","link":"https:\/\/www.utbb.edu.mx\/?page_id=577","title":{"rendered":"Incubadora de Negocios"},"content":{"rendered":"\n<p class=\"justificar\">La Universidad Tecnol\u00f3gica de Bah\u00eda de Banderas impulsa el emprendimiento a trav\u00e9s de la Incubadora de Negocios, fomentando la creaci\u00f3n de nuevas empresas a trav\u00e9s de asesor\u00edas y capacitaci\u00f3n t\u00e9cnica, financiera, jur\u00eddico-legal y de marketing.<\/p>\n\n\n\n<p class=\"justificar\">La Incubador de Negocios es un centro de atenci\u00f3n a Emprendedores en donde se brinda Orientaci\u00f3n y Asesor\u00eda personalizada para crear su propia empresa o negocio; ofreciendo las herramientas necesarias para elaborar el Plan de Negocios de nuestros estudiantes.<\/p>\n\n\n<div class=\"wp-block-image\">\n<figure class=\"aligncenter size-full\"><img loading=\"lazy\" decoding=\"async\" width=\"302\" height=\"199\" src=\"http:\/\/192.168.22.9\/utbb.edu.mx\/wp-content\/uploads\/2024\/06\/Imagen1.png\" alt=\"\" class=\"wp-image-1732\" srcset=\"https:\/\/www.utbb.edu.mx\/wp-content\/uploads\/2024\/06\/Imagen1.png 302w, https:\/\/www.utbb.edu.mx\/wp-content\/uploads\/2024\/06\/Imagen1-300x198.png 300w\" sizes=\"auto, (max-width: 302px) 100vw, 302px\" \/><\/figure>\n<\/div>\n\n\n<h3 class=\"wp-block-heading\"><br>El Proceso de incubaci\u00f3n de negocios comprende las siguientes etapas:<\/h3>\n\n\n\n<div class=\"wp-block-columns are-vertically-aligned-center is-layout-flex wp-container-core-columns-is-layout-9d6595d7 wp-block-columns-is-layout-flex\">\n<div class=\"wp-block-column is-vertically-aligned-center is-layout-flow wp-block-column-is-layout-flow\">\n<p><strong>1. Pre-incubaci\u00f3n.<\/strong><br>En esta etapa se desarrolla la idea y se ofrece asesor\u00eda para la preparaci\u00f3n del emprendedor.<\/p>\n\n\n\n<ul class=\"wp-block-list\">\n<li>Idea<\/li>\n\n\n\n<li>Diagn\u00f3stico<\/li>\n\n\n\n<li>Anteproyecto del Plan de Negocios<\/li>\n<\/ul>\n<\/div>\n\n\n\n<div class=\"wp-block-column is-vertically-aligned-center is-layout-flow wp-block-column-is-layout-flow\"><div class=\"wp-block-image\">\n<figure class=\"aligncenter size-full\"><img loading=\"lazy\" decoding=\"async\" width=\"354\" height=\"354\" src=\"http:\/\/192.168.22.9\/utbb.edu.mx\/wp-content\/uploads\/2024\/06\/Imagen2.png\" alt=\"\" class=\"wp-image-1733\" srcset=\"https:\/\/www.utbb.edu.mx\/wp-content\/uploads\/2024\/06\/Imagen2.png 354w, https:\/\/www.utbb.edu.mx\/wp-content\/uploads\/2024\/06\/Imagen2-300x300.png 300w, https:\/\/www.utbb.edu.mx\/wp-content\/uploads\/2024\/06\/Imagen2-150x150.png 150w, https:\/\/www.utbb.edu.mx\/wp-content\/uploads\/2024\/06\/Imagen2-246x246.png 246w, https:\/\/www.utbb.edu.mx\/wp-content\/uploads\/2024\/06\/Imagen2-185x185.png 185w, https:\/\/www.utbb.edu.mx\/wp-content\/uploads\/2024\/06\/Imagen2-220x220.png 220w, https:\/\/www.utbb.edu.mx\/wp-content\/uploads\/2024\/06\/Imagen2-60x60.png 60w\" sizes=\"auto, (max-width: 354px) 100vw, 354px\" \/><\/figure>\n<\/div><\/div>\n<\/div>\n\n\n\n<div class=\"wp-block-columns is-layout-flex wp-container-core-columns-is-layout-9d6595d7 wp-block-columns-is-layout-flex\">\n<div class=\"wp-block-column is-vertically-aligned-center is-layout-flow wp-block-column-is-layout-flow\">\n<p><strong>2. Incubaci\u00f3n.<\/strong><\/p>\n\n\n\n<p>Inicia con la prueba y la validaci\u00f3n de su proyecto, seguido del objeto del negocio, creaci\u00f3n, pilotaje y lanzamiento del mismo. En esta etapa donde el plan de negocios es elaborado y aprobado.<\/p>\n<\/div>\n\n\n\n<div class=\"wp-block-column is-vertically-aligned-center is-layout-flow wp-block-column-is-layout-flow\"><div class=\"wp-block-image\">\n<figure class=\"aligncenter size-full\"><img loading=\"lazy\" decoding=\"async\" width=\"233\" height=\"240\" src=\"http:\/\/192.168.22.9\/utbb.edu.mx\/wp-content\/uploads\/2024\/06\/Imagen3.png\" alt=\"\" class=\"wp-image-1734\"\/><\/figure>\n<\/div><\/div>\n<\/div>\n\n\n\n<div class=\"wp-block-columns is-layout-flex wp-container-core-columns-is-layout-9d6595d7 wp-block-columns-is-layout-flex\">\n<div class=\"wp-block-column is-vertically-aligned-center is-layout-flow wp-block-column-is-layout-flow\">\n<p><strong>3. Post-incubaci\u00f3n.<\/strong><\/p>\n\n\n\n<p>Consolidaci\u00f3n y crecimiento del negocio, continuando con apoyos de asesor\u00eda y capacitaci\u00f3n por parte de la incubadora.<\/p>\n<\/div>\n\n\n\n<div class=\"wp-block-column is-vertically-aligned-center is-layout-flow wp-block-column-is-layout-flow\"><div class=\"wp-block-image\">\n<figure class=\"aligncenter size-full\"><img loading=\"lazy\" decoding=\"async\" width=\"302\" height=\"187\" src=\"http:\/\/192.168.22.9\/utbb.edu.mx\/wp-content\/uploads\/2024\/06\/Imagen4.jpg\" alt=\"\" class=\"wp-image-1735\" srcset=\"https:\/\/www.utbb.edu.mx\/wp-content\/uploads\/2024\/06\/Imagen4.jpg 302w, https:\/\/www.utbb.edu.mx\/wp-content\/uploads\/2024\/06\/Imagen4-300x186.jpg 300w\" sizes=\"auto, (max-width: 302px) 100vw, 302px\" \/><\/figure>\n<\/div><\/div>\n<\/div>\n\n\n\n<p><strong>Contacto<\/strong><br>Planta Alta del Hotel-Escuela<\/p>\n\n\n\n<p><strong>Tel\u00e9fono<\/strong><br>(+52) 322 226 8300 Ext. 1410<\/p>\n\n\n\n<p><strong>Correo Institucional<\/strong><br><a href=\"mailto:incuba@utbb.edu.mx\">incuba@utbb.edu.mx<\/a><\/p>\n","protected":false},"excerpt":{"rendered":"<p>La Universidad Tecnol\u00f3gica de Bah\u00eda de Banderas impulsa el emprendimiento a trav\u00e9s de la Incubadora de Negocios, fomentando la creaci\u00f3n de nuevas empresas a trav\u00e9s de asesor\u00edas y capacitaci\u00f3n t\u00e9cnica, financiera, jur\u00eddico-legal y de marketing. La Incubador de Negocios es un centro de atenci\u00f3n a Emprendedores en donde se brinda Orientaci\u00f3n y Asesor\u00eda personalizada para [&hellip;]<\/p>\n","protected":false},"author":1,"featured_media":0,"parent":0,"menu_order":0,"comment_status":"closed","ping_status":"closed","template":"","meta":{"footnotes":""},"class_list":["post-577","page","type-page","status-publish","hentry","latest_post"],"_links":{"self":[{"href":"https:\/\/www.utbb.edu.mx\/index.php?rest_route=\/wp\/v2\/pages\/577","targetHints":{"allow":["GET"]}}],"collection":[{"href":"https:\/\/www.utbb.edu.mx\/index.php?rest_route=\/wp\/v2\/pages"}],"about":[{"href":"https:\/\/www.utbb.edu.mx\/index.php?rest_route=\/wp\/v2\/types\/page"}],"author":[{"embeddable":true,"href":"https:\/\/www.utbb.edu.mx\/index.php?rest_route=\/wp\/v2\/users\/1"}],"replies":[{"embeddable":true,"href":"https:\/\/www.utbb.edu.mx\/index.php?rest_route=%2Fwp%2Fv2%2Fcomments&post=577"}],"version-history":[{"count":8,"href":"https:\/\/www.utbb.edu.mx\/index.php?rest_route=\/wp\/v2\/pages\/577\/revisions"}],"predecessor-version":[{"id":1746,"href":"https:\/\/www.utbb.edu.mx\/index.php?rest_route=\/wp\/v2\/pages\/577\/revisions\/1746"}],"wp:attachment":[{"href":"https:\/\/www.utbb.edu.mx\/index.php?rest_route=%2Fwp%2Fv2%2Fmedia&parent=577"}],"curies":[{"name":"wp","href":"https:\/\/api.w.org\/{rel}","templated":true}]}}