{"id":572,"date":"2022-03-31T19:53:25","date_gmt":"2022-03-31T19:53:25","guid":{"rendered":"http:\/\/www.utbb.edu.mx\/?page_id=572"},"modified":"2024-06-10T18:34:56","modified_gmt":"2024-06-11T00:34:56","slug":"seguimiento-de-egresados","status":"publish","type":"page","link":"https:\/\/www.utbb.edu.mx\/?page_id=572","title":{"rendered":"Seguimiento de Egresados"},"content":{"rendered":"\n<p class=\"justificar\">El seguimiento de egresados es una actividad que realiza la Universidad con el fin de obtener informaci\u00f3n oportuna y valiosa, a trav\u00e9s de la aplicaci\u00f3n de encuestas para medir la satisfacci\u00f3n del egresado y conocer su trayectoria laboral, con el fin de analizar el grado de impacto de la Universidad en los sectores productivo y social.<\/p>\n\n\n\n<p class=\"justificar\">As\u00ed como tambi\u00e9n, buscamos tener contacto con nuestros egresados para mantenerlos informados de los eventos acad\u00e9micos, de cursos de educaci\u00f3n continua, diplomados y de los programas de posgrados, que permita que est\u00e9n actualizados en las nuevas tendencias y tecnolog\u00edas del mercado laboral.<\/p>\n\n\n\n<p><strong>Contacto<\/strong><br>Planta Alta del Hotel-Escuela<\/p>\n\n\n\n<p><strong>Tel\u00e9fono<\/strong><br>(+52) 322 226 8300 Ext. 1410<\/p>\n\n\n\n<p><strong>Correo Institucional<\/strong><br><a href=\"mailto:egresados@utbb.edu.mx\">egresados@utbb.edu.mx<\/a><\/p>\n","protected":false},"excerpt":{"rendered":"<p>El seguimiento de egresados es una actividad que realiza la Universidad con el fin de obtener informaci\u00f3n oportuna y valiosa, a trav\u00e9s de la aplicaci\u00f3n de encuestas para medir la satisfacci\u00f3n del egresado y conocer su trayectoria laboral, con el fin de analizar el grado de impacto de la Universidad en los sectores productivo y [&hellip;]<\/p>\n","protected":false},"author":1,"featured_media":0,"parent":0,"menu_order":0,"comment_status":"closed","ping_status":"closed","template":"","meta":{"footnotes":""},"class_list":["post-572","page","type-page","status-publish","hentry","latest_post"],"_links":{"self":[{"href":"https:\/\/www.utbb.edu.mx\/index.php?rest_route=\/wp\/v2\/pages\/572","targetHints":{"allow":["GET"]}}],"collection":[{"href":"https:\/\/www.utbb.edu.mx\/index.php?rest_route=\/wp\/v2\/pages"}],"about":[{"href":"https:\/\/www.utbb.edu.mx\/index.php?rest_route=\/wp\/v2\/types\/page"}],"author":[{"embeddable":true,"href":"https:\/\/www.utbb.edu.mx\/index.php?rest_route=\/wp\/v2\/users\/1"}],"replies":[{"embeddable":true,"href":"https:\/\/www.utbb.edu.mx\/index.php?rest_route=%2Fwp%2Fv2%2Fcomments&post=572"}],"version-history":[{"count":2,"href":"https:\/\/www.utbb.edu.mx\/index.php?rest_route=\/wp\/v2\/pages\/572\/revisions"}],"predecessor-version":[{"id":1755,"href":"https:\/\/www.utbb.edu.mx\/index.php?rest_route=\/wp\/v2\/pages\/572\/revisions\/1755"}],"wp:attachment":[{"href":"https:\/\/www.utbb.edu.mx\/index.php?rest_route=%2Fwp%2Fv2%2Fmedia&parent=572"}],"curies":[{"name":"wp","href":"https:\/\/api.w.org\/{rel}","templated":true}]}}