{"id":567,"date":"2022-03-31T19:33:20","date_gmt":"2022-03-31T19:33:20","guid":{"rendered":"http:\/\/www.utbb.edu.mx\/?page_id=567"},"modified":"2025-03-24T20:44:13","modified_gmt":"2025-03-25T02:44:13","slug":"servicios-al-sector-productivo","status":"publish","type":"page","link":"https:\/\/www.utbb.edu.mx\/?page_id=567","title":{"rendered":"Servicios al Sector Productivo"},"content":{"rendered":"<div class=\"wp-block-image\">\n<figure class=\"aligncenter size-full is-resized\"><img loading=\"lazy\" decoding=\"async\" width=\"679\" height=\"696\" src=\"http:\/\/192.168.22.9\/utbb.edu.mx\/wp-content\/uploads\/2025\/03\/LOGO-SERVICIOS-PRODUCTIVOS-1.png\" alt=\"\" class=\"wp-image-3665\" style=\"width:361px;height:auto\" srcset=\"https:\/\/www.utbb.edu.mx\/wp-content\/uploads\/2025\/03\/LOGO-SERVICIOS-PRODUCTIVOS-1.png 679w, https:\/\/www.utbb.edu.mx\/wp-content\/uploads\/2025\/03\/LOGO-SERVICIOS-PRODUCTIVOS-1-293x300.png 293w, https:\/\/www.utbb.edu.mx\/wp-content\/uploads\/2025\/03\/LOGO-SERVICIOS-PRODUCTIVOS-1-585x600.png 585w\" sizes=\"auto, (max-width: 679px) 100vw, 679px\" \/><\/figure>\n<\/div>\n\n\n<p class=\"justificar\">La Universidad Tecnol\u00f3gica de Bah\u00eda de Banderas, a trav\u00e9s de la Direcci\u00f3n de Vinculaci\u00f3n impulsa la innovaci\u00f3n educativa y tecnol\u00f3gica, as\u00ed como tambi\u00e9n, apoya el desarrollo econ\u00f3mico y social de la regi\u00f3n; por ello, aprovechando el conocimiento y experiencia de los profesores de la Universidad, la colaboraci\u00f3n de los estudiantes, los equipos tecnol\u00f3gicos y especializados que tiene en sus laboratorios, y la gran infraestructura f\u00edsica de nuestro Hotel-Escuela, ha dise\u00f1ado una amplia variedad de servicios para la comunidad universitaria,&nbsp; sector productivo y sociedad en general, los cuales, son los siguientes:<\/p>\n\n\n\n<p><strong>Centro de Capacitaci\u00f3n y Educaci\u00f3n Continua<\/strong><\/p>\n\n\n\n<p class=\"justificar\">El Centro de Capacitaci\u00f3n y Educaci\u00f3n Continua ofrece una amplia variedad de cursos, talleres y diplomados enfocados en el desarrollo integral de profesionistas, de egresados y de personas que buscan actualizar sus habilidades, destrezas y conocimientos para su \u00e1mbito laboral, de igual manera, para hacer frente a sus retos profesionales y personales.<\/p>\n\n\n\n<p class=\"justificar\">El Centro de Capacitaci\u00f3n y Educaci\u00f3n Continua oferta sus servicios en las modalidades presencial, a distancia y mixto, as\u00ed como tambi\u00e9n, dise\u00f1ar\u00e1 cursos de capacitaci\u00f3n de acuerdo con las necesidades espec\u00edficas de cada empresa.<\/p>\n\n\n\n<p><strong>Servicios Tecnol\u00f3gicos<\/strong><\/p>\n\n\n\n<p class=\"justificar\">La Universidad Tecnol\u00f3gica de Bah\u00eda de Banderas brinda la asesor\u00eda y consultor\u00eda necesaria a las empresas que le apoyen en el desarrollo de nuevas tecnolog\u00edas y de mejora de procesos productivos que incrementen su productividad y competitividad en el mercado. A trav\u00e9s de los Servicios Tecnol\u00f3gicos, ponemos a su disposici\u00f3n la experiencia y el conocimiento de nuestro personal docente y estudiantes, as\u00ed como de la infraestructura f\u00edsica y el equipamiento de vanguardia que tenemos, para la soluci\u00f3n o mejora de un proceso.<\/p>\n\n\n\n<p><strong>Renta de Equipo<\/strong><\/p>\n\n\n\n<p class=\"justificar\">Una de las caracter\u00edsticas principales de las Universidades Tecnol\u00f3gicas es el equipamiento especializado que tienen; y la Universidad Tecnol\u00f3gica de Bah\u00eda de Banderas ha sido muy beneficiada con inversiones importantes para la adquisici\u00f3n de equipamiento especializado y de vanguardia, por ello, pone a la disposici\u00f3n de las empresas la renta de dicho equipo por el tiempo necesario para que puedan realizar el trabajo deseado.<\/p>\n\n\n\n<div data-wp-interactive=\"core\/file\" class=\"wp-block-file\"><object data-wp-bind--hidden=\"!state.hasPdfPreview\" hidden class=\"wp-block-file__embed\" data=\"http:\/\/192.168.22.9\/utbb.edu.mx\/wp-content\/uploads\/2025\/03\/Resumen-fichas-EDUCACION-CONTINUA-PRIMAVERA-2025.pdf\" type=\"application\/pdf\" style=\"width:100%;height:600px\" aria-label=\"Incrustado de Resumen-fichas-EDUCACION-CONTINUA-PRIMAVERA-2025.\"><\/object><a id=\"wp-block-file--media-9a2eab62-9d6c-4e0b-be6e-a7871cfb7fd8\" href=\"http:\/\/192.168.22.9\/utbb.edu.mx\/wp-content\/uploads\/2025\/03\/Resumen-fichas-EDUCACION-CONTINUA-PRIMAVERA-2025.pdf\">Resumen-fichas-EDUCACION-CONTINUA-PRIMAVERA-2025<\/a><a href=\"http:\/\/192.168.22.9\/utbb.edu.mx\/wp-content\/uploads\/2025\/03\/Resumen-fichas-EDUCACION-CONTINUA-PRIMAVERA-2025.pdf\" class=\"wp-block-file__button wp-element-button\" download aria-describedby=\"wp-block-file--media-9a2eab62-9d6c-4e0b-be6e-a7871cfb7fd8\">Descarga<\/a><\/div>\n\n\n\n<p><strong>Contacto<\/strong><br>Planta Alta de Docencia 1<\/p>\n\n\n\n<p><strong>Tel\u00e9fono<\/strong><br>(+52) 322 226 8300 Ext. 1410<\/p>\n\n\n\n<p><strong>Correo Institucional<\/strong><br><a href=\"mailto:serviciosproductivos@utbb.edu.mx\">serviciosproductivos@utbb.edu.mx<\/a><\/p>\n","protected":false},"excerpt":{"rendered":"<p>La Universidad Tecnol\u00f3gica de Bah\u00eda de Banderas, a trav\u00e9s de la Direcci\u00f3n de Vinculaci\u00f3n impulsa la innovaci\u00f3n educativa y tecnol\u00f3gica, as\u00ed como tambi\u00e9n, apoya el desarrollo econ\u00f3mico y social de la regi\u00f3n; por ello, aprovechando el conocimiento y experiencia de los profesores de la Universidad, la colaboraci\u00f3n de los estudiantes, los equipos tecnol\u00f3gicos y especializados [&hellip;]<\/p>\n","protected":false},"author":1,"featured_media":0,"parent":0,"menu_order":0,"comment_status":"closed","ping_status":"closed","template":"","meta":{"footnotes":""},"class_list":["post-567","page","type-page","status-publish","hentry","latest_post"],"_links":{"self":[{"href":"https:\/\/www.utbb.edu.mx\/index.php?rest_route=\/wp\/v2\/pages\/567","targetHints":{"allow":["GET"]}}],"collection":[{"href":"https:\/\/www.utbb.edu.mx\/index.php?rest_route=\/wp\/v2\/pages"}],"about":[{"href":"https:\/\/www.utbb.edu.mx\/index.php?rest_route=\/wp\/v2\/types\/page"}],"author":[{"embeddable":true,"href":"https:\/\/www.utbb.edu.mx\/index.php?rest_route=\/wp\/v2\/users\/1"}],"replies":[{"embeddable":true,"href":"https:\/\/www.utbb.edu.mx\/index.php?rest_route=%2Fwp%2Fv2%2Fcomments&post=567"}],"version-history":[{"count":7,"href":"https:\/\/www.utbb.edu.mx\/index.php?rest_route=\/wp\/v2\/pages\/567\/revisions"}],"predecessor-version":[{"id":3671,"href":"https:\/\/www.utbb.edu.mx\/index.php?rest_route=\/wp\/v2\/pages\/567\/revisions\/3671"}],"wp:attachment":[{"href":"https:\/\/www.utbb.edu.mx\/index.php?rest_route=%2Fwp%2Fv2%2Fmedia&parent=567"}],"curies":[{"name":"wp","href":"https:\/\/api.w.org\/{rel}","templated":true}]}}