{"id":542,"date":"2022-03-31T17:25:45","date_gmt":"2022-03-31T17:25:45","guid":{"rendered":"http:\/\/www.utbb.edu.mx\/?page_id=542"},"modified":"2024-07-11T16:09:36","modified_gmt":"2024-07-11T22:09:36","slug":"centro-de-idiomas","status":"publish","type":"page","link":"https:\/\/www.utbb.edu.mx\/?page_id=542","title":{"rendered":"Centro de Idiomas"},"content":{"rendered":"\n<p class=\"justificar\">El Centro de Idiomas UTBB brinda la oportunidad de estudiar lenguas extranjeras a la comunidad universitaria y p\u00fablico en general. Se ofrece ingl\u00e9s, franc\u00e9s y espa\u00f1ol en todos los niveles del A1- principiante al C2 &#8211; proficiente. Contamos con una variedad de servicios y productos de ense\u00f1anza, traducci\u00f3n y acompa\u00f1amiento.<\/p>\n\n\n\n<p>Servicios que ofrecemos:<\/p>\n\n\n\n<ul class=\"wp-block-list\">\n<li>Cursos de Ingl\u00e9s<\/li>\n\n\n\n<li>Cursos de Franc\u00e9s<\/li>\n\n\n\n<li>Cursos de Espa\u00f1ol para extranjeros<\/li>\n\n\n\n<li>Cursos Especializados<\/li>\n\n\n\n<li>Certificaci\u00f3n TOEFL<\/li>\n\n\n\n<li>Cursos de preparaci\u00f3n para certificaci\u00f3n del idiomas ingl\u00e9s y franc\u00e9s<\/li>\n\n\n\n<li>Servicios de traducci\u00f3n<\/li>\n<\/ul>\n\n\n\n<p><strong>Inscripci\u00f3n<\/strong><\/p>\n\n\n\n<p class=\"justificar\">Bienvenidos al portal de registro del Centro de Idiomas de la Universidad Tecnol\u00f3gica de Bah\u00eda de Banderas, muchas gracias por tu inter\u00e9s en estudiar con nosotros.<\/p>\n\n\n\n<p>Realiza tu registro en l\u00ednea ingresando a <a href=\"http:\/\/seed.utbb.edu.mx\/registro-cursos-idiomas\/#search\/in%3Asent+registro\/_blank\">http:\/\/seed.utbb.edu.mx\/registro-cursos-idiomas\/<\/a><\/p>\n\n\n\n<p class=\"justificar\">Al finalizar tu registro el sistema te emitir\u00e1 un comprobante con tu n\u00famero de folio, la referencia de pago para que asistas al banco o a la universidad a pagar tu inscripci\u00f3n y mensualidad, una vez que hayas realizado tu pago pasar al centro de idiomas en el edificio de docencia I planta alta a seguir las indicaciones para el mismo.<\/p>\n\n\n\n<p><strong>Descripci\u00f3n de servicios.<\/strong><\/p>\n\n\n\n<ul class=\"wp-block-list\">\n<li><strong>Cursos de ingl\u00e9s:<\/strong> Para adolescentes y adultos en sabatino intensivo de 9:00 am. a 2:00 pm. Y entre semana; martes, mi\u00e9rcoles y jueves de 5:00 a 7:00 pm.<\/li>\n<\/ul>\n\n\n\n<ul class=\"wp-block-list\">\n<li><strong>Cursos de ingl\u00e9s para ni\u00f1os:<\/strong> Edades de 8 a 13 a\u00f1os; martes, mi\u00e9rcoles y jueves de 4:00 a 6:00 pm. (Presentarse con copia de credencial de elector de padres o tutores)<\/li>\n<\/ul>\n\n\n\n<ul class=\"wp-block-list\">\n<li><strong>Cursos de franc\u00e9s:<\/strong> Para adolescentes y adultos en sabatino intensivo de 9:00 am. a 2:00 pm.<\/li>\n<\/ul>\n\n\n\n<ul class=\"wp-block-list\">\n<li><strong>Cursos de espa\u00f1ol para extranjeros:<\/strong> Para adolescentes y adultos, entre semana los martes, mi\u00e9rcoles y jueves de 9:00 a 11:00 am.<\/li>\n<\/ul>\n\n\n\n<ul class=\"wp-block-list\">\n<li><strong>Certificaci\u00f3n TOEFL:<\/strong> (Test of English as a Foreing Language) &#8211; TOEFL es un test de ingl\u00e9s desarrollado en los Estados Unidos para evaluar el nivel de ingl\u00e9s. Del nivel A1 al C1 del Marco Com\u00fan Europeo.<\/li>\n<\/ul>\n\n\n\n<ul class=\"wp-block-list\">\n<li><strong>Cursos de ingl\u00e9s especializados:<\/strong> Ayudamos a las empresas a mejorar su servicio al cliente, creando cursos de ingl\u00e9s y franc\u00e9s de acuerdo con sus necesidades.<\/li>\n<\/ul>\n\n\n\n<ul class=\"wp-block-list\">\n<li><strong>Cursos de preparaci\u00f3n para certificaci\u00f3n de<\/strong><strong>l<\/strong><strong> idiomas ingl\u00e9s y franc\u00e9s:<\/strong> Preparamos al interesado con las herramientas necesarias para adquirir un mejor puntaje.<\/li>\n<\/ul>\n\n\n\n<ul class=\"wp-block-list\">\n<li><strong>Traducciones: <\/strong>Servicios de traducci\u00f3n de ingl\u00e9s, franc\u00e9s y espa\u00f1ol, ya sea escrito o traducciones simultaneas.<\/li>\n<\/ul>\n\n\n\n<p><strong>Contacto<\/strong><br>Planta Alta del Edificio de Docencia I<\/p>\n\n\n\n<p><strong>Tel\u00e9fono<\/strong><br>(+52) 322 226 8300 Ext. 1810<\/p>\n\n\n\n<p><strong>Whatsapp<\/strong><br>(+52) 322 160 7017<\/p>\n\n\n\n<p><strong>Correo Institucional<\/strong><br><a href=\"mailto:centrodeidiomas@utbb.edu.mx\">centrodeidiomas@utbb.edu.mx<\/a><\/p>\n","protected":false},"excerpt":{"rendered":"<p>El Centro de Idiomas UTBB brinda la oportunidad de estudiar lenguas extranjeras a la comunidad universitaria y p\u00fablico en general. Se ofrece ingl\u00e9s, franc\u00e9s y espa\u00f1ol en todos los niveles del A1- principiante al C2 &#8211; proficiente. Contamos con una variedad de servicios y productos de ense\u00f1anza, traducci\u00f3n y acompa\u00f1amiento. Servicios que ofrecemos: Inscripci\u00f3n Bienvenidos [&hellip;]<\/p>\n","protected":false},"author":1,"featured_media":0,"parent":0,"menu_order":0,"comment_status":"closed","ping_status":"closed","template":"","meta":{"footnotes":""},"class_list":["post-542","page","type-page","status-publish","hentry","latest_post"],"_links":{"self":[{"href":"https:\/\/www.utbb.edu.mx\/index.php?rest_route=\/wp\/v2\/pages\/542","targetHints":{"allow":["GET"]}}],"collection":[{"href":"https:\/\/www.utbb.edu.mx\/index.php?rest_route=\/wp\/v2\/pages"}],"about":[{"href":"https:\/\/www.utbb.edu.mx\/index.php?rest_route=\/wp\/v2\/types\/page"}],"author":[{"embeddable":true,"href":"https:\/\/www.utbb.edu.mx\/index.php?rest_route=\/wp\/v2\/users\/1"}],"replies":[{"embeddable":true,"href":"https:\/\/www.utbb.edu.mx\/index.php?rest_route=%2Fwp%2Fv2%2Fcomments&post=542"}],"version-history":[{"count":3,"href":"https:\/\/www.utbb.edu.mx\/index.php?rest_route=\/wp\/v2\/pages\/542\/revisions"}],"predecessor-version":[{"id":2029,"href":"https:\/\/www.utbb.edu.mx\/index.php?rest_route=\/wp\/v2\/pages\/542\/revisions\/2029"}],"wp:attachment":[{"href":"https:\/\/www.utbb.edu.mx\/index.php?rest_route=%2Fwp%2Fv2%2Fmedia&parent=542"}],"curies":[{"name":"wp","href":"https:\/\/api.w.org\/{rel}","templated":true}]}}