{"id":39,"date":"2022-03-25T19:59:46","date_gmt":"2022-03-25T19:59:46","guid":{"rendered":"http:\/\/192.168.100.85\/utbb.edu.mx\/?page_id=39"},"modified":"2024-06-05T21:21:53","modified_gmt":"2024-06-06T03:21:53","slug":"transparencia","status":"publish","type":"page","link":"https:\/\/www.utbb.edu.mx\/?page_id=39","title":{"rendered":"Unidad de Transparencia."},"content":{"rendered":"\n<p class=\"justificar\">Conforme a lo establecido en la Ley de Transparencia y Acceso a la Informaci\u00f3n P\u00fablica los sujetos obligados, sin que sea necesario que lo solicite persona alguna deber\u00e1n publicar, difundir y mantener actualizada de manera permanente, seg\u00fan su naturaleza, las obligaciones de transparencia por medios de f\u00e1cil acceso y comprensi\u00f3n en los sitios de Internet correspondientes y a trav\u00e9s de la Plataforma Nacional ( La publicaci\u00f3n correspondiente a las obligaciones de transparencia deber\u00e1n actualizarse por cada unidad administrativa correspondiente de la universidad por lo menos cada tres meses conforme a lo establecido en la ley, La publicaci\u00f3n de la informaci\u00f3n deber\u00e1 indicar el nombre del sujeto obligado encargado de su publicaci\u00f3n y la fecha de su \u00faltima actualizaci\u00f3n ).<\/p>\n\n\n\n<p class=\"justificar\">La informaci\u00f3n deber\u00e1 publicarse y difundirse de tal forma que facilite su uso y comprensi\u00f3n por las personas, y que permita asegurar su calidad, veracidad, oportunidad, y confiabilidad. Deber\u00e1n de contener buscadores tem\u00e1ticos y disponer de un respaldo con todos los registros electr\u00f3nicos para cualquier persona que los solicite. Esta publicaci\u00f3n deber\u00e1 ser expedita y procurar\u00e1 la creaci\u00f3n de bases de datos explotables para la generaci\u00f3n de conocimiento por parte de la sociedad. La pagina de la UTBB Debe de tener un vinculo o apartado de acceso directo, visible y exclusivo donde se encuentra toda la informaci\u00f3n de Transparencia desglosando las fracciones del articulo 33 de la ley de transparencia, siendo estas las siguientes:<\/p>\n\n\n\n<p><strong>Art\u00edculo 33.<\/strong> La informaci\u00f3n com\u00fan que los sujetos obligados deber\u00e1n publicar, es la siguiente:<\/p>\n\n\n\n<ol class=\"wp-block-list\" style=\"list-style-type:upper-roman\">\n<li>El marco normativo aplicable al sujeto obligado.<\/li>\n\n\n\n<li>Su estructura org\u00e1nica completa.<\/li>\n\n\n\n<li>Las facultades de cada \u00c1rea<\/li>\n\n\n\n<li>Las metas y objetivos de las \u00c1reas de conformidad con sus programas operativos<\/li>\n\n\n\n<li>Los indicadores relacionados con temas de inter\u00e9s p\u00fablico o trascendencia social.<\/li>\n\n\n\n<li>Los indicadores que permitan rendir cuenta de sus objetivos y resultados.<\/li>\n\n\n\n<li>El directorio de todos los Servidores P\u00fablicos, desde el Titular del sujeto obligado hasta el nivel de jefe de departamento o su equivalente; o de menor nivel, cuando: se brinde atenci\u00f3n al p\u00fablico.<\/li>\n\n\n\n<li>El n\u00famero total de las plazas y del personal de base y confianza, especificando el total de las vacantes, por nivel de puesto, para cada \u00c1rea<\/li>\n\n\n\n<li>Las contrataciones de servicios profesionales por honorarios, se\u00f1alando los nombres de los prestadores de servicios, los servicios contratados, el monto de los honorarios y el periodo de contrataci\u00f3n<\/li>\n\n\n\n<li>La informaci\u00f3n en Versi\u00f3n P\u00fablica de las declaraciones patrimoniales de los Servidores P\u00fablicos.<\/li>\n\n\n\n<li>El nombre, domicilio de la Unidad de Transparencia y de los servidores p\u00fablicos encargados del Comit\u00e9 de Transparencia, adem\u00e1s de la direcci\u00f3n electr\u00f3nica donde podr\u00e1n recibirse las solicitudes para obtener la informaci\u00f3n.<\/li>\n\n\n\n<li>Las convocatorias a concursos para ocupar cargos p\u00fablicos y los resultados de los mismos.<\/li>\n\n\n\n<li>La informaci\u00f3n de los programas de subsidios, est\u00edmulos, aportaciones y apoyos, en el que se deber\u00e1 informar respecto de los programas de transferencia, de servicios, de infraestructura social y de subsidio.<\/li>\n\n\n\n<li>Las condiciones generales de trabajo, versi\u00f3n p\u00fablica de los contratos o convenios que regulen las relaciones laborales del personal de base o de confianza as\u00ed como los recursos p\u00fablicos econ\u00f3micos, en especie o donativos, que sean entregados a los sindicatos y ejerzan como recursos p\u00fablicos;<\/li>\n\n\n\n<li>La informaci\u00f3n curricular, desde el Titular del sujeto obligado hasta el nivel de jefe de departamento o su equivalente, o de menor nivel, 21 as\u00ed como, en su caso, las sanciones administrativas de que haya sido objeto;<\/li>\n\n\n\n<li>El listado de Servidores P\u00fablicos con sanciones administrativas definitivas, especificando la causa de sanci\u00f3n y la disposici\u00f3n;<\/li>\n\n\n\n<li>Los servicios que ofrecen y los programas que administra, se\u00f1alando los requisitos para acceder a ellos;<\/li>\n\n\n\n<li>Los tr\u00e1mites, requisitos y formatos que ofrecen<\/li>\n\n\n\n<li>La informaci\u00f3n financiera en t\u00e9rminos de la Ley General de Contabilidad Gubernamental<\/li>\n\n\n\n<li>Los instrumentos jur\u00eddicos relativos a la contrataci\u00f3n de Financiamientos y Obligaciones<\/li>\n\n\n\n<li>La informaci\u00f3n relativa a la deuda p\u00fablica, en t\u00e9rminos de la normatividad aplicable;<\/li>\n\n\n\n<li>Los montos destinados a gastos relativos a comunicaci\u00f3n social y publicidad oficial desglosada por tipo de medio, proveedores, n\u00famero de contrato y concepto o campa\u00f1a;<\/li>\n\n\n\n<li>Los informes de resultados de las auditor\u00edas al ejercicio presupuestal de cada sujeto obligado que se realicen y, en su caso, las aclaraciones que correspondan;<\/li>\n\n\n\n<li>El resultado de la dictaminaci\u00f3n de los estados financieros;<\/li>\n\n\n\n<li>Los montos, criterios, convocatorias y listado de personas f\u00edsicas o morales a quienes, por cualquier motivo, se les asigne o permita usar recursos p\u00fablicos o, en los t\u00e9rminos de las disposiciones aplicables, realicen actos de autoridad. Asimismo, los informes que dichas personas les entreguen sobre el uso y destino de dichos recursos;<\/li>\n\n\n\n<li>Las concesiones, contratos, convenios, permisos, licencias o autorizaciones otorgados, especificando los titulares de aqu\u00e9llos, debiendo publicarse su objeto, nombre o raz\u00f3n social del titular, vigencia, tipo, t\u00e9rminos, condiciones, monto y modificaciones, as\u00ed como si el procedimiento involucra el aprovechamiento de bienes, servicios y\/o recursos p\u00fablicos;<\/li>\n\n\n\n<li>La informaci\u00f3n de los resultados sobre procedimientos de adjudicaci\u00f3n directa, invitaci\u00f3n restringida y licitaci\u00f3n de cualquier naturaleza, incluyendo la Versi\u00f3n P\u00fablica del Expediente respectivo y de los contratos celebrados.<\/li>\n\n\n\n<li>Los informes que por disposici\u00f3n legal generen los sujetos obligados, el \u00e1rea responsable y el fundamento legal que obliga a su generaci\u00f3n;<\/li>\n\n\n\n<li>Las estad\u00edsticas que generen en cumplimiento de sus facultades, competencias o funciones con la mayor desagregaci\u00f3n posible;<\/li>\n\n\n\n<li>Informe de avances program\u00e1ticos o presupuestales, balances generales y su estado financiero;<\/li>\n\n\n\n<li>Padr\u00f3n de proveedores y contratistas;<\/li>\n\n\n\n<li>Los convenios de coordinaci\u00f3n que celebren con la federaci\u00f3n, otros estados o municipios, partidos pol\u00edticos, instituciones de ense\u00f1anza o cualquier organizaci\u00f3n y los de concertaci\u00f3n con los sectores social y privado;<\/li>\n\n\n\n<li>El inventario de bienes muebles e inmuebles en posesi\u00f3n y propiedad;<\/li>\n\n\n\n<li>Las recomendaciones emitidas por los \u00f3rganos p\u00fablicos del Estado mexicano u organismos internacionales garantes de los derechos humanos, as\u00ed como las acciones que han llevado a cabo para su atenci\u00f3n;<\/li>\n\n\n\n<li>Las resoluciones y laudos que se emitan en procesos o procedimientos seguidos en forma de juicio;<\/li>\n\n\n\n<li>\u00a0Los mecanismos de participaci\u00f3n ciudadana; 25<\/li>\n\n\n\n<li>. Los programas que ofrecen, incluyendo informaci\u00f3n sobre la poblaci\u00f3n, objetivo y destino, as\u00ed como los tr\u00e1mites, tiempos de respuesta, requisitos y formatos para acceder a los mismos;<\/li>\n\n\n\n<li>\u00a0Las actas y resoluciones del Comit\u00e9 de Transparencia de los sujetos obligados;<\/li>\n\n\n\n<li>Todas las evaluaciones y encuestas que hagan los sujetos obligados a programas financiados con recursos p\u00fablicos;<\/li>\n\n\n\n<li>Los estudios financiados con recursos p\u00fablicos;<\/li>\n\n\n\n<li>El listado de jubilados y pensionados y el monto que reciben;<\/li>\n\n\n\n<li>Los ingresos recibidos por cualquier concepto se\u00f1alando el nombre de los responsables de recibirlos, administrarlos y ejercerlos, as\u00ed como su destino;<\/li>\n\n\n\n<li>Donaciones hechas a terceros en dinero o en especie;<\/li>\n\n\n\n<li>El cat\u00e1logo de disposici\u00f3n y gu\u00eda de archivo documental;<\/li>\n\n\n\n<li>Las actas de sesiones ordinarias y extraordinarias, as\u00ed como las opiniones y recomendaciones que emitan, en su caso, los consejos consultivos;<\/li>\n\n\n\n<li>El seguimiento de las obligaciones de responsabilidad hacendaria establecidas en los convenios sobre los niveles de endeudamiento elevado de los entes p\u00fablicos, respectivos.<\/li>\n\n\n\n<li>Cualquier otra informaci\u00f3n que sea de utilidad o se considere relevante, adem\u00e1s de la que, con base en la informaci\u00f3n estad\u00edstica, responda a las preguntas hechas con m\u00e1s frecuencia por el p\u00fablico.<\/li>\n\n\n\n<li>Seguimiento de las obligaciones de responsabilidad hacendaria<\/li>\n\n\n\n<li>Otra informaci\u00f3n relevante<\/li>\n\n\n\n<li>Ultimo P\u00e1rrafo<\/li>\n\n\n\n<li>Articulo 35.<\/li>\n<\/ol>\n","protected":false},"excerpt":{"rendered":"<p>Conforme a lo establecido en la Ley de Transparencia y Acceso a la Informaci\u00f3n P\u00fablica los sujetos obligados, sin que sea necesario que lo solicite persona alguna deber\u00e1n publicar, difundir y mantener actualizada de manera permanente, seg\u00fan su naturaleza, las obligaciones de transparencia por medios de f\u00e1cil acceso y comprensi\u00f3n en los sitios de Internet [&hellip;]<\/p>\n","protected":false},"author":1,"featured_media":0,"parent":0,"menu_order":0,"comment_status":"closed","ping_status":"closed","template":"","meta":{"footnotes":""},"class_list":["post-39","page","type-page","status-publish","hentry","latest_post"],"_links":{"self":[{"href":"https:\/\/www.utbb.edu.mx\/index.php?rest_route=\/wp\/v2\/pages\/39","targetHints":{"allow":["GET"]}}],"collection":[{"href":"https:\/\/www.utbb.edu.mx\/index.php?rest_route=\/wp\/v2\/pages"}],"about":[{"href":"https:\/\/www.utbb.edu.mx\/index.php?rest_route=\/wp\/v2\/types\/page"}],"author":[{"embeddable":true,"href":"https:\/\/www.utbb.edu.mx\/index.php?rest_route=\/wp\/v2\/users\/1"}],"replies":[{"embeddable":true,"href":"https:\/\/www.utbb.edu.mx\/index.php?rest_route=%2Fwp%2Fv2%2Fcomments&post=39"}],"version-history":[{"count":5,"href":"https:\/\/www.utbb.edu.mx\/index.php?rest_route=\/wp\/v2\/pages\/39\/revisions"}],"predecessor-version":[{"id":1719,"href":"https:\/\/www.utbb.edu.mx\/index.php?rest_route=\/wp\/v2\/pages\/39\/revisions\/1719"}],"wp:attachment":[{"href":"https:\/\/www.utbb.edu.mx\/index.php?rest_route=%2Fwp%2Fv2%2Fmedia&parent=39"}],"curies":[{"name":"wp","href":"https:\/\/api.w.org\/{rel}","templated":true}]}}