{"id":3796,"date":"2025-06-11T21:02:28","date_gmt":"2025-06-12T03:02:28","guid":{"rendered":"http:\/\/www.utbb.edu.mx\/?page_id=3796"},"modified":"2025-06-16T19:04:18","modified_gmt":"2025-06-17T01:04:18","slug":"vida-saludable","status":"publish","type":"page","link":"https:\/\/www.utbb.edu.mx\/?page_id=3796","title":{"rendered":"Vida Saludable"},"content":{"rendered":"\n\n<div class=\"wp-block-kadence-column kadence-column3796_8a8f9b-a6 inner-column-1\"><div class=\"kt-inside-inner-col\">\n<h2 class=\"kt-adv-heading3796_169b8e-d4 wp-block-kadence-advancedheading has-theme-palette-3-color has-text-color\" data-kb-block=\"kb-adv-heading3796_169b8e-d4\">OBJETIVO<\/h2>\n\n\n\n<p class=\"kt-adv-heading3796_546e17-e8 wp-block-kadence-advancedheading has-theme-palette-4-color has-text-color\" data-kb-block=\"kb-adv-heading3796_546e17-e8\">Brindar atenci\u00f3n psicol\u00f3gica y acompa\u00f1amiento para el desarrollo de herramientas que fortalezcan el AUTOCONOCIMIENTO, la AUTOESTIMA , manejo emociones, del estr\u00e9s, ansiedad, y otros problemas emocionales.<\/p>\n<\/div><\/div>\n\n\n\n\n\n<div class=\"wp-block-kadence-column kadence-column3796_3900bb-23 inner-column-1\"><div class=\"kt-inside-inner-col\">\n<h2 class=\"kt-adv-heading3796_1aaf74-a2 wp-block-kadence-advancedheading has-theme-palette-3-color has-text-color\" data-kb-block=\"kb-adv-heading3796_1aaf74-a2\">Acciones<\/h2>\n<\/div><\/div>\n\n\n\n<div class=\"wp-block-kadence-column kadence-column3796_d807ff-83 inner-column-2\"><div class=\"kt-inside-inner-col\">\n<div class=\"wp-block-kadence-iconlist kt-svg-icon-list-items kt-svg-icon-list-items3796_295f16-df kt-svg-icon-list-columns-1 alignnone\"><ul class=\"kt-svg-icon-list\">\n<li class=\"wp-block-kadence-listitem kt-svg-icon-list-item-wrap kt-svg-icon-list-item-3796_306c3d-1d\"><span data-name=\"fe_check\" data-stroke=\"USE_PARENT_DEFAULT_WIDTH\" data-class=\"kt-svg-icon-list-single\" class=\"kadence-dynamic-icon\"><\/span><span class=\"kt-svg-icon-list-text\">Consultas psicol\u00f3gicas individuales<\/span><\/li>\n\n\n\n<li class=\"wp-block-kadence-listitem kt-svg-icon-list-item-wrap kt-svg-icon-list-item-3796_f1051b-6c\"><span data-name=\"fe_check\" data-stroke=\"USE_PARENT_DEFAULT_WIDTH\" data-class=\"kt-svg-icon-list-single\" class=\"kadence-dynamic-icon\"><\/span><span class=\"kt-svg-icon-list-text\">Tutor\u00edas&nbsp; grupales.<\/span><\/li>\n\n\n\n<li class=\"wp-block-kadence-listitem kt-svg-icon-list-item-wrap kt-svg-icon-list-item-3796_cc8d07-39\"><span data-name=\"fe_check\" data-stroke=\"USE_PARENT_DEFAULT_WIDTH\" data-class=\"kt-svg-icon-list-single\" class=\"kadence-dynamic-icon\"><\/span><span class=\"kt-svg-icon-list-text\">Talleres de manejo de emociones y mindfulness.<\/span><\/li>\n<\/ul><\/div>\n<\/div><\/div>\n\n\n\n\n\n<div class=\"wp-block-kadence-column kadence-column3796_046e09-af\"><div class=\"kt-inside-inner-col\">\n<figure class=\"wp-block-image\"><img decoding=\"async\" src=\"https:\/\/lh7-rt.googleusercontent.com\/docsz\/AD_4nXc5ZQvzPacP8NnwiBOVT_Umt0Rwucu5U0a8kNyYLf2zzgbCkfVOjCGvn0iPWNuK3f2h7dsap5hHBhITuyP-gEB9VSGrGal6pDoHT7og8hvNRyOWh6QSlhQwm4sps1UBDIW_jyhAKyNdLP4rbb52tJI?key=xVyWNUCzRbo9S8a-ZrR_ZQ\" alt=\"\"\/><\/figure>\n<\/div><\/div>\n\n\n\n<div class=\"wp-block-kadence-column kadence-column3796_afd2d7-96 kb-section-dir-vertical kb-section-md-dir-horizontal\"><div class=\"kt-inside-inner-col\">\n<h2 class=\"kt-adv-heading3796_08b04e-b4 wp-block-kadence-advancedheading has-theme-palette-3-color has-text-color\" data-kb-block=\"kb-adv-heading3796_08b04e-b4\">Prevenci\u00f3n<\/h2>\n\n\n\n<p class=\"kt-adv-heading3796_8db08c-6f wp-block-kadence-advancedheading has-theme-palette-3-color has-text-color\" data-kb-block=\"kb-adv-heading3796_8db08c-6f\">Orientaci\u00f3n y acompa\u00f1amiento mediante pl\u00e1ticas, talleres, conferencias, difusi\u00f3n de informaci\u00f3n, test e instrumentos de autoevaluaci\u00f3n.<\/p>\n<\/div><\/div>\n\n\n\n\n\n<div class=\"wp-block-kadence-column kadence-column3796_58c8f9-ef inner-column-1\"><div class=\"kt-inside-inner-col\">\n<h2 class=\"kt-adv-heading3796_d6f30e-a8 wp-block-kadence-advancedheading has-theme-palette-3-color has-text-color\" data-kb-block=\"kb-adv-heading3796_d6f30e-a8\">Salud preventiva<\/h2>\n\n\n\n<p class=\"kt-adv-heading3796_01e361-e4 wp-block-kadence-advancedheading has-theme-palette-3-color has-text-color\" data-kb-block=\"kb-adv-heading3796_01e361-e4\">Apoyar la\u00a0 estrategia nacional impulsada por el Gobierno de M\u00e9xico que tiene como prop\u00f3sito contribuir a garantizar el bienestar y la salud de las ni\u00f1as , ni\u00f1os, adolescentes y j\u00f3venes de las escuelas del pa\u00eds, mediante acciones orientadas a la promoci\u00f3n de h\u00e1bitos saludables.<\/p>\n<\/div><\/div>\n\n\n\n\n\n<div class=\"wp-block-kadence-column kadence-column3796_8b9e03-02\"><div class=\"kt-inside-inner-col\">\n<h2 class=\"wp-block-heading has-text-align-center has-md-font-size\">1ra JORNADA DE SALUD UTBB<\/h2>\n\n\n\n<div class=\"wp-block-kadence-advancedbtn kb-buttons-wrap kb-btns3796_a2b5ab-b3\"><\/div>\n<\/div><\/div>\n\n\n\n<div class=\"wp-block-kadence-column kadence-column3796_97c3e6-ae\"><div class=\"kt-inside-inner-col\">\n<figure class=\"wp-block-image\"><img decoding=\"async\" src=\"https:\/\/lh7-rt.googleusercontent.com\/docsz\/AD_4nXcbSlZaRUlW-dHbcC6hTS1XueqI0UOH2DVnvx-_HjeXEoYtaBuQU1jEq_nG7uzboq5f8Xr9ev4LfN2oiaZcQcmaPoJj4DolRqjlDJAhh1JzN0HiHuMIBOWaAuFdWXbevCaOKUsOr8VWJESj-OlF0xg?key=xVyWNUCzRbo9S8a-ZrR_ZQ\" alt=\"\"\/><\/figure>\n<\/div><\/div>\n\n\n\n\n\n<div class=\"wp-block-kadence-column kadence-column3796_e2d0a9-17 inner-column-1\"><div class=\"kt-inside-inner-col\">\n<h2 class=\"kt-adv-heading3796_3a40b0-22 wp-block-kadence-advancedheading has-theme-palette-3-color has-text-color\" data-kb-block=\"kb-adv-heading3796_3a40b0-22\">Recursos de orientaci\u00f3n y apoyo<\/h2>\n<\/div><\/div>\n\n\n\n\n\n<div class=\"wp-block-kadence-column kadence-column3796_69cbc2-8b inner-column-3\"><div class=\"kt-inside-inner-col\">\n<div class=\"wp-block-kadence-iconlist kt-svg-icon-list-items kt-svg-icon-list-items3796_63c136-6d kt-svg-icon-list-columns-1 alignnone offer-list-style\"><ul class=\"kt-svg-icon-list\">\n<li class=\"wp-block-kadence-listitem kt-svg-icon-list-item-wrap kt-svg-icon-list-item-3796_0d2147-7d kt-svg-icon-list-style-default\"><span data-name=\"fas_check\" data-stroke=\"2\" data-class=\"kt-svg-icon-list-single\" class=\"kadence-dynamic-icon\"><\/span><span class=\"kt-svg-icon-list-text\"><a href=\"https:\/\/vidasaludable.gob.mx\/\">https:\/\/vidasaludable.gob.mx\/<\/a><\/span><\/li>\n\n\n\n<li class=\"wp-block-kadence-listitem kt-svg-icon-list-item-wrap kt-svg-icon-list-item-3796_6466ad-6c kt-svg-icon-list-style-default\"><span data-name=\"fas_check\" data-stroke=\"2\" data-class=\"kt-svg-icon-list-single\" class=\"kadence-dynamic-icon\"><\/span><span class=\"kt-svg-icon-list-text\"><a href=\"https:\/\/drive.google.com\/file\/d\/1eFpfDNV59rcSdTgEyig-2q1h2AUrw_uA\/view?usp=drive_link\">Infograf\u00eda Plan de Autocuidado<\/a><\/span><\/li>\n<\/ul><\/div>\n<\/div><\/div>\n\n\n\n<div class=\"wp-block-kadence-column kadence-column3796_da9d83-7b inner-column-3\"><div class=\"kt-inside-inner-col\">\n<div class=\"wp-block-kadence-iconlist kt-svg-icon-list-items kt-svg-icon-list-items3796_f8480f-fe kt-svg-icon-list-columns-1 alignnone offer-list-style\"><ul class=\"kt-svg-icon-list\">\n<li class=\"wp-block-kadence-listitem kt-svg-icon-list-item-wrap kt-svg-icon-list-item-3796_cad3c7-3f kt-svg-icon-list-style-default\"><span data-name=\"fas_check\" data-stroke=\"2\" data-class=\"kt-svg-icon-list-single\" class=\"kadence-dynamic-icon\"><\/span><span class=\"kt-svg-icon-list-text\"><a href=\"https:\/\/vidasaludable.gob.mx\/repositorio\">https:\/\/vidasaludable.gob.mx\/repositorio<\/a><\/span><\/li>\n\n\n\n<li class=\"wp-block-kadence-listitem kt-svg-icon-list-item-wrap kt-svg-icon-list-item-3796_f7d66d-2c kt-svg-icon-list-style-default\"><span data-name=\"fas_check\" data-stroke=\"2\" data-class=\"kt-svg-icon-list-single\" class=\"kadence-dynamic-icon\"><\/span><span class=\"kt-svg-icon-list-text\"><a href=\"https:\/\/www.aldeasinfantiles.org.mx\/noticias\/tips-sos\/%C2%BFcomo-aprender-y-sobrevivir-a-la-adolescencia\">Gu\u00eda de adolescentes para adolescentes<\/a><\/span><\/li>\n<\/ul><\/div>\n<\/div><\/div>\n\n\n\n\n<p><\/p>\n","protected":false},"excerpt":{"rendered":"","protected":false},"author":9,"featured_media":0,"parent":0,"menu_order":0,"comment_status":"closed","ping_status":"closed","template":"","meta":{"footnotes":""},"class_list":["post-3796","page","type-page","status-publish","hentry","latest_post"],"_links":{"self":[{"href":"https:\/\/www.utbb.edu.mx\/index.php?rest_route=\/wp\/v2\/pages\/3796","targetHints":{"allow":["GET"]}}],"collection":[{"href":"https:\/\/www.utbb.edu.mx\/index.php?rest_route=\/wp\/v2\/pages"}],"about":[{"href":"https:\/\/www.utbb.edu.mx\/index.php?rest_route=\/wp\/v2\/types\/page"}],"author":[{"embeddable":true,"href":"https:\/\/www.utbb.edu.mx\/index.php?rest_route=\/wp\/v2\/users\/9"}],"replies":[{"embeddable":true,"href":"https:\/\/www.utbb.edu.mx\/index.php?rest_route=%2Fwp%2Fv2%2Fcomments&post=3796"}],"version-history":[{"count":15,"href":"https:\/\/www.utbb.edu.mx\/index.php?rest_route=\/wp\/v2\/pages\/3796\/revisions"}],"predecessor-version":[{"id":3816,"href":"https:\/\/www.utbb.edu.mx\/index.php?rest_route=\/wp\/v2\/pages\/3796\/revisions\/3816"}],"wp:attachment":[{"href":"https:\/\/www.utbb.edu.mx\/index.php?rest_route=%2Fwp%2Fv2%2Fmedia&parent=3796"}],"curies":[{"name":"wp","href":"https:\/\/api.w.org\/{rel}","templated":true}]}}