{"id":3735,"date":"2025-06-09T18:28:06","date_gmt":"2025-06-10T00:28:06","guid":{"rendered":"http:\/\/www.utbb.edu.mx\/?page_id=3735"},"modified":"2025-06-23T21:53:56","modified_gmt":"2025-06-24T03:53:56","slug":"bienestar","status":"publish","type":"page","link":"https:\/\/www.utbb.edu.mx\/?page_id=3735","title":{"rendered":"Bienestar"},"content":{"rendered":"\n\n<div class=\"wp-block-kadence-column kadence-column3735_633464-80 kb-section-dir-vertical inner-column-1\"><div class=\"kt-inside-inner-col\">\n<h1 class=\"kt-adv-heading3735_f924d5-c0 wp-block-kadence-advancedheading\" data-kb-block=\"kb-adv-heading3735_f924d5-c0\">Red del Bienestar Universitario<\/h1>\n<\/div><\/div>\n\n\n\n<div class=\"wp-block-kadence-column kadence-column3735_ee0601-24 inner-column-2\"><div class=\"kt-inside-inner-col\">\n<figure class=\"wp-block-kadence-image kb-image3735_d7deac-c0\"><img loading=\"lazy\" decoding=\"async\" width=\"8000\" height=\"4500\" src=\"http:\/\/www.utbb.edu.mx\/wp-content\/uploads\/2025\/06\/DIAGRAMA-BIENESTAR.png\" alt=\"\" class=\"kb-img wp-image-3739\" srcset=\"https:\/\/www.utbb.edu.mx\/wp-content\/uploads\/2025\/06\/DIAGRAMA-BIENESTAR.png 8000w, https:\/\/www.utbb.edu.mx\/wp-content\/uploads\/2025\/06\/DIAGRAMA-BIENESTAR-300x169.png 300w, https:\/\/www.utbb.edu.mx\/wp-content\/uploads\/2025\/06\/DIAGRAMA-BIENESTAR-1024x576.png 1024w, https:\/\/www.utbb.edu.mx\/wp-content\/uploads\/2025\/06\/DIAGRAMA-BIENESTAR-768x432.png 768w, https:\/\/www.utbb.edu.mx\/wp-content\/uploads\/2025\/06\/DIAGRAMA-BIENESTAR-600x338.png 600w, https:\/\/www.utbb.edu.mx\/wp-content\/uploads\/2025\/06\/DIAGRAMA-BIENESTAR-1536x864.png 1536w, https:\/\/www.utbb.edu.mx\/wp-content\/uploads\/2025\/06\/DIAGRAMA-BIENESTAR-2048x1152.png 2048w\" sizes=\"auto, (max-width: 8000px) 100vw, 8000px\" \/><\/figure>\n<\/div><\/div>\n\n\n\n\n\n<div class=\"wp-block-kadence-column kadence-column3735_82a377-07 inner-column-1\"><div class=\"kt-inside-inner-col\">\n<p class=\"kt-adv-heading3735_fa5569-77 wp-block-kadence-advancedheading has-theme-palette-3-color has-text-color\" data-kb-block=\"kb-adv-heading3735_fa5569-77\">Red que facilite la comunicaci\u00f3n, la colaboraci\u00f3n y el acceso a los servicios de bienestar para toda la comunidad universitaria, promoviendo la salud integral\u00a0 mediante la implementaci\u00f3n de programas enfocados en salud mental, prevenci\u00f3n de adicciones, prevenci\u00f3n de todo tipo de violencia, fomento de la cultura de paz, promoci\u00f3n de h\u00e1bitos saludables y educaci\u00f3n inclusiva. Transitando hacia un nuevo modelo de atenci\u00f3n a la salud mental y las adicciones, con acciones coordinadas interinstitucionales para impulsar el bienestar de la comunidad.<br><\/p>\n<\/div><\/div>\n\n\n\n\n\n<div class=\"wp-block-kadence-column kadence-column3735_6bc961-c7\"><div class=\"kt-inside-inner-col\">\n<h2 class=\"kt-adv-heading3735_461048-24 wp-block-kadence-advancedheading has-theme-palette-3-color has-text-color\" data-kb-block=\"kb-adv-heading3735_461048-24\">Misi\u00f3n<\/h2>\n<\/div><\/div>\n\n\n\n<div class=\"wp-block-kadence-column kadence-column3735_c28835-81\"><div class=\"kt-inside-inner-col\">\n<p class=\"kt-adv-heading3735_a2c8d5-d2 wp-block-kadence-advancedheading\" data-kb-block=\"kb-adv-heading3735_a2c8d5-d2\">Promover el bienestar integral a trav\u00e9s de programas de salud mental, atenci\u00f3n f\u00edsica y actividades que fortalezcan el desarrollo personal, acad\u00e9mico y social.Brindar espacios de detecci\u00f3n, acompa\u00f1amiento y prevenci\u00f3n mediante el trabajo multidisciplinario de psicopedagog\u00eda, terapia f\u00edsica, enfermer\u00eda y actividades extracurriculares, fomentando h\u00e1bitos saludables y construyendo factores de protecci\u00f3n contra adicciones y otros riesgos psicosociales.<\/p>\n<\/div><\/div>\n\n\n\n\n\n<div class=\"wp-block-kadence-column kadence-column3735_333941-3a\"><div class=\"kt-inside-inner-col\">\n<h2 class=\"kt-adv-heading3735_6bca68-43 wp-block-kadence-advancedheading has-theme-palette-3-color has-text-color\" data-kb-block=\"kb-adv-heading3735_6bca68-43\">Visi\u00f3n<\/h2>\n<\/div><\/div>\n\n\n\n<div class=\"wp-block-kadence-column kadence-column3735_4fb2ef-13\"><div class=\"kt-inside-inner-col\">\n<p class=\"kt-adv-heading3735_558dce-62 wp-block-kadence-advancedheading\" data-kb-block=\"kb-adv-heading3735_558dce-62\">Ser un modelo de referencia en bienestar universitario, destac\u00e1ndose por un enfoque preventivo, interdisciplinario e inclusivo que garantice la salud f\u00edsica y mental de nuestra comunidad. Buscamos consolidar un entorno universitario saludable, resiliente y libre de adicciones, donde cada estudiante cuente con herramientas para su desarrollo integral y calidad de vida<\/p>\n<\/div><\/div>\n\n\n\n\n\n<div class=\"wp-block-kadence-column kadence-column3735_8a2752-11 inner-column-1\"><div class=\"kt-inside-inner-col\">\n<div class=\"wp-block-kadence-infobox kt-info-box3735_434b95-b5\"><a class=\"kt-blocks-info-box-link-wrap info-box-link kt-blocks-info-box-media-align-left kt-info-halign-left kb-info-box-vertical-media-align-top\" href=\"http:\/\/www.utbb.edu.mx\/?page_id=3788\" aria-label=\"Salud, Bienestar y Prevenci\u00f3n\"><div class=\"kt-blocks-info-box-media-container\"><div class=\"kt-blocks-info-box-media kt-info-media-animate-none\"><div class=\"kadence-info-box-icon-container kt-info-icon-animate-none\"><div class=\"kadence-info-box-icon-inner-container\"><span data-name=\"fas_universal-access\" data-class=\"kt-info-svg-icon\" class=\"kadence-dynamic-icon\"><\/span><\/div><\/div><\/div><\/div><div class=\"kt-infobox-textcontent\"><div class=\"kt-blocks-info-box-title\">Salud , Bienestar y Prevenci\u00f3n<\/div><\/div><\/a><\/div>\n<\/div><\/div>\n\n\n\n<div class=\"wp-block-kadence-column kadence-column3735_30c1fd-5f inner-column-1\"><div class=\"kt-inside-inner-col\">\n<div class=\"wp-block-kadence-infobox kt-info-box3735_26a7b6-1c\"><a class=\"kt-blocks-info-box-link-wrap info-box-link kt-blocks-info-box-media-align-left kt-info-halign-left kb-info-box-vertical-media-align-top\" href=\"http:\/\/www.utbb.edu.mx\/?page_id=3796\" aria-label=\"Salud, Bienestar y Prevenci\u00f3n\"><div class=\"kt-blocks-info-box-media-container\"><div class=\"kt-blocks-info-box-media kt-info-media-animate-none\"><div class=\"kadence-info-box-icon-container kt-info-icon-animate-none\"><div class=\"kadence-info-box-icon-inner-container\"><span data-name=\"fe_activity\" data-stroke=\"2\" data-class=\"kt-info-svg-icon\" class=\"kadence-dynamic-icon\"><\/span><\/div><\/div><\/div><\/div><div class=\"kt-infobox-textcontent\"><div class=\"kt-blocks-info-box-title\">Vida Saludable<\/div><\/div><\/a><\/div>\n<\/div><\/div>\n\n\n\n<div class=\"wp-block-kadence-column kadence-column3735_191c9b-64 inner-column-1\"><div class=\"kt-inside-inner-col\">\n<div class=\"wp-block-kadence-infobox kt-info-box3735_fe7129-2a\"><a class=\"kt-blocks-info-box-link-wrap info-box-link kt-blocks-info-box-media-align-left kt-info-halign-left kb-info-box-vertical-media-align-top\" href=\"http:\/\/www.utbb.edu.mx\/?page_id=3821\" aria-label=\"Salud, Bienestar y Prevenci\u00f3n\"><div class=\"kt-blocks-info-box-media-container\"><div class=\"kt-blocks-info-box-media kt-info-media-animate-none\"><div class=\"kadence-info-box-icon-container kt-info-icon-animate-none\"><div class=\"kadence-info-box-icon-inner-container\"><span data-name=\"fas_brain\" data-class=\"kt-info-svg-icon\" class=\"kadence-dynamic-icon\"><\/span><\/div><\/div><\/div><\/div><div class=\"kt-infobox-textcontent\"><div class=\"kt-blocks-info-box-title\">Neurodiversidad<\/div><\/div><\/a><\/div>\n<\/div><\/div>\n\n\n\n\n\n<div class=\"wp-block-kadence-column kadence-column3735_7c72ef-0f\"><div class=\"kt-inside-inner-col\">\n<figure class=\"wp-block-image is-resized is-style-default\"><img decoding=\"async\" src=\"https:\/\/lh7-rt.googleusercontent.com\/docsz\/AD_4nXc-5n0u7FudvulHn-wDb2hdE1ykTAp9XjBHrWI0m9HZRDxCxMVR4_Vftu6IFqTAFv2GL-llOzns125_AsDrRKzd-m558nd8ybdTq3BxDze97xd4uJHi6cHCCRH5dA1pmmO_GcUdB6i5sjQWvReIXt4?key=tkxOa6JCXQVul7Sx-0CCqA\" alt=\"\" style=\"width:572px;height:auto\"\/><\/figure>\n<\/div><\/div>\n\n\n\n<div class=\"wp-block-kadence-column kadence-column3735_afed95-68 kb-section-dir-vertical kb-section-md-dir-horizontal\"><div class=\"kt-inside-inner-col\">\n<h2 class=\"kt-adv-heading3735_7330a0-87 wp-block-kadence-advancedheading has-theme-palette-3-color has-text-color\" data-kb-block=\"kb-adv-heading3735_7330a0-87\">Contacto y Apoyo<\/h2>\n\n\n\n<p class=\"kt-adv-heading3735_028760-20 wp-block-kadence-advancedheading has-theme-palette-3-color has-text-color\" data-kb-block=\"kb-adv-heading3735_028760-20\">Universidad Tecnol\u00f3gica de Bah\u00eda de Banderas. Boulevard Nuevo Vallarta No. 65 , C.P. 63732 , Nuevo Nayarit, Bah\u00eda de Banderas Nayarit. M\u00e9xico.<\/p>\n\n\n\n<p class=\"has-text-align-center\">Departamento de Atenci\u00f3n Psicopedag\u00f3gica<br>Edificio de Docencia 2 Planta alta<br>Tel. <strong>322 226 8300<\/strong> ext. <strong>1105<\/strong><\/p>\n\n\n\n<p class=\"has-text-align-center\"><a href=\"mailto:psicopedagogia@utbb.edu.mx\">psicopedagogia@utbb.edu.mx<\/a>&nbsp;<\/p>\n\n\n\n<p class=\"has-text-align-center\"><strong>HORARIO DE ATENCI\u00d3N<\/strong><br>Lunes a Viernes de 7:00 a 15:00 y de 17:00 a 22:00 hrs.<br>L\u00ednea de Apoyo: <strong>800 911 2000<\/strong><\/p>\n\n\n\n<div class=\"wp-block-kadence-advancedbtn kb-buttons-wrap kb-btns3735_f689f8-7b\"><\/div>\n<\/div><\/div>\n\n\n\n\n<p><\/p>\n","protected":false},"excerpt":{"rendered":"","protected":false},"author":9,"featured_media":0,"parent":0,"menu_order":0,"comment_status":"closed","ping_status":"closed","template":"","meta":{"footnotes":""},"class_list":["post-3735","page","type-page","status-publish","hentry","latest_post"],"_links":{"self":[{"href":"https:\/\/www.utbb.edu.mx\/index.php?rest_route=\/wp\/v2\/pages\/3735","targetHints":{"allow":["GET"]}}],"collection":[{"href":"https:\/\/www.utbb.edu.mx\/index.php?rest_route=\/wp\/v2\/pages"}],"about":[{"href":"https:\/\/www.utbb.edu.mx\/index.php?rest_route=\/wp\/v2\/types\/page"}],"author":[{"embeddable":true,"href":"https:\/\/www.utbb.edu.mx\/index.php?rest_route=\/wp\/v2\/users\/9"}],"replies":[{"embeddable":true,"href":"https:\/\/www.utbb.edu.mx\/index.php?rest_route=%2Fwp%2Fv2%2Fcomments&post=3735"}],"version-history":[{"count":45,"href":"https:\/\/www.utbb.edu.mx\/index.php?rest_route=\/wp\/v2\/pages\/3735\/revisions"}],"predecessor-version":[{"id":3876,"href":"https:\/\/www.utbb.edu.mx\/index.php?rest_route=\/wp\/v2\/pages\/3735\/revisions\/3876"}],"wp:attachment":[{"href":"https:\/\/www.utbb.edu.mx\/index.php?rest_route=%2Fwp%2Fv2%2Fmedia&parent=3735"}],"curies":[{"name":"wp","href":"https:\/\/api.w.org\/{rel}","templated":true}]}}