{"id":3572,"date":"2025-01-27T16:48:27","date_gmt":"2025-01-27T22:48:27","guid":{"rendered":"http:\/\/www.utbb.edu.mx\/?page_id=3572"},"modified":"2025-01-31T16:49:13","modified_gmt":"2025-01-31T22:49:13","slug":"gia-2","status":"publish","type":"page","link":"https:\/\/www.utbb.edu.mx\/?page_id=3572","title":{"rendered":"GIA 2024"},"content":{"rendered":"\n<p>Grupo Interdisciplinario de Archivo<\/p>\n\n\n\n<p>2024<\/p>\n\n\n\n<p><strong>Sesi\u00f3n de instalaci\u00f3n<\/strong><\/p>\n\n\n\n<p><a href=\"http:\/\/192.168.22.9\/utbb.edu.mx\/wp-content\/uploads\/2025\/01\/III.-Orden-del-dia_Sesion-de-instalacion-2024.pdf\"><strong>&#8211;&nbsp;<\/strong>Orden del d\u00eda_Sesi\u00f3n de instalaci\u00f3n 2024.<\/a><\/p>\n\n\n\n<p><a href=\"http:\/\/192.168.22.9\/utbb.edu.mx\/wp-content\/uploads\/2025\/01\/VII.-Reglas-de-operacion-del-GIA.-Sesion-de-instalacion.pdf\">&#8211;&nbsp;VII. Reglas de operaci\u00f3n del GIA. Sesi\u00f3n de instalaci\u00f3n<\/a><\/p>\n\n\n\n<p><a href=\"http:\/\/192.168.22.9\/utbb.edu.mx\/wp-content\/uploads\/2025\/01\/VIII.-Calendario-de-Sesiones-Ordinarias-2024.-Sesion-de-instalacion.pdf\">&#8211;&nbsp;VIII. Calendario de Sesiones Ordinarias 2024. Sesi\u00f3n de instalaci\u00f3n<\/a><\/p>\n\n\n\n<hr class=\"wp-block-separator has-alpha-channel-opacity\"\/>\n\n\n\n<p><strong>GIA &#8211; 2024 &#8211; 1era. Sesi\u00f3n Ordinaria.&nbsp;<\/strong><\/p>\n\n\n\n<p><a href=\"http:\/\/192.168.22.9\/utbb.edu.mx\/wp-content\/uploads\/2025\/01\/III.-Orden-del-dia_Primera-Ordinaria-2024.pdf\"><strong>&#8211;&nbsp;<\/strong>III. Orden del d\u00eda_Primera Ordinaria 2024.<\/a><\/p>\n\n\n\n<p><a href=\"http:\/\/192.168.22.9\/utbb.edu.mx\/wp-content\/uploads\/2025\/01\/V.-Acta-de-instalacion-del-GIA.-Primera-Ordinaria-2024.pdf\">&#8211;&nbsp;V. Acta de instalaci\u00f3n del GIA. Primera Ordinaria 2024<\/a><\/p>\n\n\n\n<p><a href=\"http:\/\/192.168.22.9\/utbb.edu.mx\/wp-content\/uploads\/2025\/01\/VI.-Informe-CA-del-SIA.-Primera-Ordinaria-2024.pdf\">&#8211; VI. Informe CA del SIA. Primera Ordinaria 2024.<\/a><\/p>\n\n\n\n<hr class=\"wp-block-separator has-alpha-channel-opacity\"\/>\n\n\n\n<p><strong>GIA &#8211; 2024 &#8211; Segunda Sesi\u00f3n Ordinaria.&nbsp;<\/strong><\/p>\n\n\n\n<p><a href=\"http:\/\/192.168.22.9\/utbb.edu.mx\/wp-content\/uploads\/2025\/01\/III.-Orden-del-dia_Segunda-sesion-ordinaria-2024.pdf\"><strong>&#8211;&nbsp;<\/strong>III. Orden del d\u00eda_Segunda sesi\u00f3n ordinaria 2024<\/a><\/p>\n\n\n\n<p><a href=\"http:\/\/192.168.22.9\/utbb.edu.mx\/wp-content\/uploads\/2025\/01\/V.-Informe-anual-2024.-Coordinacion-de-Archivos.pdf\">&#8211;&nbsp;V. Informe anual 2024. Coordinaci\u00f3n de Archivos<\/a><\/p>\n","protected":false},"excerpt":{"rendered":"<p>Grupo Interdisciplinario de Archivo 2024 Sesi\u00f3n de instalaci\u00f3n &#8211;&nbsp;Orden del d\u00eda_Sesi\u00f3n de instalaci\u00f3n 2024. &#8211;&nbsp;VII. Reglas de operaci\u00f3n del GIA. Sesi\u00f3n de instalaci\u00f3n &#8211;&nbsp;VIII. Calendario de Sesiones Ordinarias 2024. Sesi\u00f3n de instalaci\u00f3n GIA &#8211; 2024 &#8211; 1era. Sesi\u00f3n Ordinaria.&nbsp; &#8211;&nbsp;III. Orden del d\u00eda_Primera Ordinaria 2024. &#8211;&nbsp;V. Acta de instalaci\u00f3n del GIA. Primera Ordinaria 2024 &#8211; [&hellip;]<\/p>\n","protected":false},"author":1,"featured_media":0,"parent":0,"menu_order":0,"comment_status":"closed","ping_status":"closed","template":"","meta":{"footnotes":""},"class_list":["post-3572","page","type-page","status-publish","hentry","latest_post"],"_links":{"self":[{"href":"https:\/\/www.utbb.edu.mx\/index.php?rest_route=\/wp\/v2\/pages\/3572","targetHints":{"allow":["GET"]}}],"collection":[{"href":"https:\/\/www.utbb.edu.mx\/index.php?rest_route=\/wp\/v2\/pages"}],"about":[{"href":"https:\/\/www.utbb.edu.mx\/index.php?rest_route=\/wp\/v2\/types\/page"}],"author":[{"embeddable":true,"href":"https:\/\/www.utbb.edu.mx\/index.php?rest_route=\/wp\/v2\/users\/1"}],"replies":[{"embeddable":true,"href":"https:\/\/www.utbb.edu.mx\/index.php?rest_route=%2Fwp%2Fv2%2Fcomments&post=3572"}],"version-history":[{"count":4,"href":"https:\/\/www.utbb.edu.mx\/index.php?rest_route=\/wp\/v2\/pages\/3572\/revisions"}],"predecessor-version":[{"id":3617,"href":"https:\/\/www.utbb.edu.mx\/index.php?rest_route=\/wp\/v2\/pages\/3572\/revisions\/3617"}],"wp:attachment":[{"href":"https:\/\/www.utbb.edu.mx\/index.php?rest_route=%2Fwp%2Fv2%2Fmedia&parent=3572"}],"curies":[{"name":"wp","href":"https:\/\/api.w.org\/{rel}","templated":true}]}}