{"id":2189,"date":"2024-07-25T14:35:08","date_gmt":"2024-07-25T20:35:08","guid":{"rendered":"http:\/\/www.utbb.edu.mx\/?page_id=2189"},"modified":"2024-07-25T14:37:45","modified_gmt":"2024-07-25T20:37:45","slug":"modelo-educativo","status":"publish","type":"page","link":"https:\/\/www.utbb.edu.mx\/?page_id=2189","title":{"rendered":"Modelo Educativo"},"content":{"rendered":"\n<p class=\"justificar\">El modelo educativo de las Universidades Tecnol\u00f3gicas se basa en 70% pr\u00e1ctica y 30% teor\u00eda, bajo las siguientes caracter\u00edsticas:<\/p>\n\n\n\n<p class=\"justificar\"><strong>FLEXIBILIDAD Y CONTINUIDAD: <\/strong>Formaci\u00f3n de TSU, Licenciatura\/Ingenier\u00eda y Posgrado.<\/p>\n\n\n\n<p class=\"justificar\"><strong>INTENSIDAD:<\/strong> Las asignaturas se imparten en periodos cuatrimestrales, 6 para T\u00e9cnico Superior Universitario, 10 para Licenciatura e Ingenier\u00eda; y 6 para Maestr\u00edas.<\/p>\n\n\n<div class=\"wp-block-image\">\n<figure class=\"aligncenter size-full\"><img loading=\"lazy\" decoding=\"async\" width=\"694\" height=\"399\" src=\"http:\/\/192.168.22.9\/utbb.edu.mx\/wp-content\/uploads\/2024\/07\/Plan-cuatrimestral.jpg\" alt=\"\" class=\"wp-image-2190\" srcset=\"https:\/\/www.utbb.edu.mx\/wp-content\/uploads\/2024\/07\/Plan-cuatrimestral.jpg 694w, https:\/\/www.utbb.edu.mx\/wp-content\/uploads\/2024\/07\/Plan-cuatrimestral-300x172.jpg 300w, https:\/\/www.utbb.edu.mx\/wp-content\/uploads\/2024\/07\/Plan-cuatrimestral-600x345.jpg 600w\" sizes=\"auto, (max-width: 694px) 100vw, 694px\" \/><\/figure>\n<\/div>\n\n\n<p class=\"justificar\"><strong>PERTINENCIA:<\/strong> Los programas educativos son profesionalizantes y se determinan de acuerdo con los requerimientos de los sectores productivo y social<\/p>\n\n\n\n<p class=\"justificar\"><strong>ENFOQUE DE COMPETENCIAS: <\/strong>El proceso ense\u00f1anza aprendizaje integra contenidos, actividades pr\u00e1cticas y actitudes para la formaci\u00f3n de un perfil de egreso de acuerdo con los requerimientos del campo profesional.<\/p>\n\n\n\n<p class=\"justificar\"><strong>FORMACI\u00d3N EN ALTERNANCIA: <\/strong>Se realizan actividades acad\u00e9micas y laborales de manera alternada tanto en la Universidad como en la empresa.<\/p>\n\n\n\n<p class=\"justificar\"><strong>INTERNACIONALIZACI\u00d3N:<\/strong> Intercambio y movilidad estudiantil.<\/p>\n","protected":false},"excerpt":{"rendered":"<p>El modelo educativo de las Universidades Tecnol\u00f3gicas se basa en 70% pr\u00e1ctica y 30% teor\u00eda, bajo las siguientes caracter\u00edsticas: FLEXIBILIDAD Y CONTINUIDAD: Formaci\u00f3n de TSU, Licenciatura\/Ingenier\u00eda y Posgrado. INTENSIDAD: Las asignaturas se imparten en periodos cuatrimestrales, 6 para T\u00e9cnico Superior Universitario, 10 para Licenciatura e Ingenier\u00eda; y 6 para Maestr\u00edas. PERTINENCIA: Los programas educativos son [&hellip;]<\/p>\n","protected":false},"author":1,"featured_media":0,"parent":0,"menu_order":0,"comment_status":"closed","ping_status":"closed","template":"","meta":{"footnotes":""},"class_list":["post-2189","page","type-page","status-publish","hentry","latest_post"],"_links":{"self":[{"href":"https:\/\/www.utbb.edu.mx\/index.php?rest_route=\/wp\/v2\/pages\/2189","targetHints":{"allow":["GET"]}}],"collection":[{"href":"https:\/\/www.utbb.edu.mx\/index.php?rest_route=\/wp\/v2\/pages"}],"about":[{"href":"https:\/\/www.utbb.edu.mx\/index.php?rest_route=\/wp\/v2\/types\/page"}],"author":[{"embeddable":true,"href":"https:\/\/www.utbb.edu.mx\/index.php?rest_route=\/wp\/v2\/users\/1"}],"replies":[{"embeddable":true,"href":"https:\/\/www.utbb.edu.mx\/index.php?rest_route=%2Fwp%2Fv2%2Fcomments&post=2189"}],"version-history":[{"count":2,"href":"https:\/\/www.utbb.edu.mx\/index.php?rest_route=\/wp\/v2\/pages\/2189\/revisions"}],"predecessor-version":[{"id":2194,"href":"https:\/\/www.utbb.edu.mx\/index.php?rest_route=\/wp\/v2\/pages\/2189\/revisions\/2194"}],"wp:attachment":[{"href":"https:\/\/www.utbb.edu.mx\/index.php?rest_route=%2Fwp%2Fv2%2Fmedia&parent=2189"}],"curies":[{"name":"wp","href":"https:\/\/api.w.org\/{rel}","templated":true}]}}