{"id":2003,"date":"2024-07-11T15:16:05","date_gmt":"2024-07-11T21:16:05","guid":{"rendered":"http:\/\/www.utbb.edu.mx\/?page_id=2003"},"modified":"2024-07-25T13:00:46","modified_gmt":"2024-07-25T19:00:46","slug":"directorio","status":"publish","type":"page","link":"https:\/\/www.utbb.edu.mx\/?page_id=2003","title":{"rendered":"Directorio"},"content":{"rendered":"\n<h5 class=\"wp-block-heading\">Boulevard Nuevo Vallarta 65, Nuevo Nayarit, Bah\u00eda de Banderas, Nayarit, M\u00e9xico, C.P. 63735<br>Tel\u00e9fono (+52) 322 226 8300<\/h5>\n\n\n\n<figure class=\"wp-block-table is-style-regular centrado\"><table><thead><tr><th class=\"has-text-align-center\" data-align=\"center\">Puesto<\/th><th>Nombre<\/th><th>Correo<\/th><th>Extensi\u00f3n<\/th><th>Ubicaci\u00f3n<\/th><\/tr><\/thead><tbody><tr><td class=\"has-text-align-center\" data-align=\"center\" colspan=\"5\"><strong>RECTOR\u00cdA<\/strong><\/td><\/tr><tr><td class=\"has-text-align-center\" data-align=\"center\">Rector    <\/td><td>Dr. Isaak Rivera Delgadillo<\/td><td><a href=\"mailto:rectoria@utbb.edu.mx\">rectoria@utbb.edu.mx<\/a><\/td><td>1107<\/td><td>Docencia I, Planta Alta<\/td><\/tr><tr><td class=\"has-text-align-center\" data-align=\"center\">Jefe de Departamento de la Secretar\u00eda T\u00e9cnica<\/td><td>Lic. Jorge Eduardo Salazar Guitron<\/td><td><a href=\"mailto:jsalazar@utbb.edu.mx\">jsalazar@utbb.edu.mx<\/a><\/td><td>1107<\/td><td>Docencia I, Planta Alta<\/td><\/tr><tr><td class=\"has-text-align-center\" data-align=\"center\" colspan=\"5\"><strong>SECRETAR\u00cdA ACAD\u00c9MICA<\/strong><\/td><\/tr><tr><td class=\"has-text-align-center\" data-align=\"center\">Secretario Acad\u00e9mico<\/td><td>Mtro. Jos\u00e9 Mois\u00e9s Mart\u00ednez D\u00edaz&nbsp;<\/td><td><a href=\"mailto:jmmartinez@utbb.edu.mx\">jmmartinez@utbb.edu.mx<\/a><\/td><td>1801<\/td><td>Docencia II, Planta Alta<\/td><\/tr><tr><td class=\"has-text-align-center\" data-align=\"center\">Director de Tecnolog\u00edas de la Informaci\u00f3n y Agricultura Sustentable y Protegida<\/td><td>Ing. Albino Ochoa Torres&nbsp;<\/td><td><a href=\"mailto:aochoa@utbb.edu.mx\">aochoa@utbb.edu.mx&nbsp;<\/a><\/td><td>1603<\/td><td>Docencia III, Planta Alta<\/td><\/tr><tr><td class=\"has-text-align-center\" data-align=\"center\">Director de Turismo<\/td><td>Li. Ricardo Anselmo Ram\u00edrez Gil&nbsp;<\/td><td><a href=\"mailto:rramirez@utbb.edu.mx\">rramirez@utbb.edu.mx&nbsp;<\/a><\/td><td>1601<\/td><td>Docencia III, Planta Baja<\/td><\/tr><tr><td class=\"has-text-align-center\" data-align=\"center\">Director de&nbsp; Ingenier\u00edas Mantenimiento Industrial y Energ\u00edas Renovables<\/td><td>Lic. Miguel \u00c1ngel Ortega Garc\u00eda&nbsp;<\/td><td><a href=\"mailto:mortega@utbb.edu.mx\">mortega@utbb.edu.mx<\/a><\/td><td>1301<\/td><td>Docencia I, Planta Alta<\/td><\/tr><tr><td class=\"has-text-align-center\" data-align=\"center\">Director de Desarrollo de Negocios y Contabilidad<\/td><td>MBA Ruth Krysthal Ortega Acosta&nbsp;<\/td><td><a href=\"mailto:rortega@utbb.edu.mx\">rortega@utbb.edu.mx<\/a><\/td><td>1805<\/td><td>Docencia II, Planta Alta<\/td><\/tr><tr><td class=\"has-text-align-center\" data-align=\"center\">Director de Gastronom\u00eda<\/td><td>MG Juan Carlos Gonz\u00e1lez Machaen<\/td><td><a href=\"mailto:jgonzalezm@utbb.edu.mx\">jgonzalezm@utbb.edu.mx<\/a><\/td><td>2001<\/td><td>Docencia II, Planta Baja<\/td><\/tr><tr><td class=\"has-text-align-center\" data-align=\"center\">Subdirector de Educaci\u00f3n Continua Investigaci\u00f3n y posgrado<\/td><td>Dr. Luis Roberto Dom\u00ednguez Aguirre&nbsp;<\/td><td><a href=\"mailto:ldominguez@utbb.edu.mx\">ldominguez@utbb.edu.mx<\/a><\/td><td><\/td><td>Docencia III, Planta baja<\/td><\/tr><tr><td class=\"has-text-align-center\" data-align=\"center\">Subdirectora de Servicios Escolares e Internacionalizaci\u00f3n<\/td><td>Lic. Mar\u00eda De Guadalupe Ambriz Meza&nbsp;<\/td><td><a href=\"mailto:gambriz@utbb.edu.mx\">gambriz@utbb.edu.mx<\/a><\/td><td>1501<\/td><td>Biblioteca<\/td><\/tr><tr><td class=\"has-text-align-center\" data-align=\"center\">Jefe de Departamento de Fisioterapia<\/td><td>Lic. B\u00e1rbara Lizbeth Monroy Gonz\u00e1lez&nbsp;<\/td><td><a href=\"mailto:bmonroy@utbb.edu.mx\">bmonroy@utbb.edu.mx<\/a><\/td><td><\/td><td>Docencia I, Planta Alta<\/td><\/tr><tr><td class=\"has-text-align-center\" data-align=\"center\">Jefe de Departamento de Formaci\u00f3n Integral<\/td><td>Mtro. V\u00edctor Manuel Ben\u00edtez P\u00e9rez&nbsp;<\/td><td><a href=\"mailto:vbenitez@utbb.edu.mx\">vbenitez@utbb.edu.mx&nbsp;<\/a><\/td><td><\/td><td>Docencia II, Planta Alta<\/td><\/tr><tr><td class=\"has-text-align-center\" data-align=\"center\">Jefe de Departamento de Psicopedagog\u00eda<\/td><td>Lic. Jorge Alexis Medina Ram\u00edrez&nbsp;<\/td><td><a href=\"mailto:jmedina@utbb.edu.mx\">jmedina@utbb.edu.mx<\/a><\/td><td><\/td><td>Docencia III, Planta baja<\/td><\/tr><tr><td class=\"has-text-align-center\" data-align=\"center\" colspan=\"5\"><strong>SECRETAR\u00cdA DE VINCULACI\u00d3N<\/strong><\/td><\/tr><tr><td class=\"has-text-align-center\" data-align=\"center\">Secretario de Vinculaci\u00f3n<\/td><td>Lic. Amaury Jos\u00e9 Guti\u00e9rrez L\u00f3pez&nbsp;<\/td><td><a href=\"mailto:agutierrez@utbb.edu.mx\">agutierrez@utbb.edu.mx<\/a><\/td><td><\/td><td>Hotel Escuela, Planta Alta<\/td><\/tr><tr><td class=\"has-text-align-center\" data-align=\"center\">Director de Vinculaci\u00f3n y Planeaci\u00f3n Estrat\u00e9gica<\/td><td>Ing. Luis Octavio Gallardo Arcega&nbsp;<\/td><td><a href=\"mailto:Lgallardo@utbb.edu.mx\">Lgallardo@utbb.edu.mx<\/a><\/td><td>1701<\/td><td>Hotel Escuela, Planta Alta<\/td><\/tr><tr><td class=\"has-text-align-center\" data-align=\"center\">Subdirectora de Marketing, Innovaci\u00f3n y Centros de Negocios<\/td><td>Lic. Perla Jeanette Herrera Bertrand&nbsp;<\/td><td><a href=\"mailto:pherrerab@utbb.edu.mx\">pherrerab@utbb.edu.mx<\/a><\/td><td><\/td><td>Hotel Escuela, Planta Alta<\/td><\/tr><tr><td class=\"has-text-align-center\" data-align=\"center\">Jefe de Departamento de Servicios al Sector Productivo<\/td><td>Lc. Herlinda Margarita G\u00f3mez L\u00f3pez&nbsp;<\/td><td><a href=\"mailto:hgomez@utbb.edu.mx\">hgomez@utbb.edu.mx&nbsp;<\/a><\/td><td><\/td><td>Hotel Escuela, Planta Alta<\/td><\/tr><tr><td class=\"has-text-align-center\" data-align=\"center\" colspan=\"5\"><strong>DIRECCI\u00d3N GENERAL DEL HOTEL ESCUELA<\/strong><\/td><\/tr><tr><td class=\"has-text-align-center\" data-align=\"center\">Directora<\/td><td>Lic. Liney Olivares Garc\u00eda&nbsp;<\/td><td><a href=\"mailto:Lolivares@utbb.edu.mx\">Lolivares@utbb.edu.mx<\/a><\/td><td><\/td><td>Hotel Escuela, Planta Baja<\/td><\/tr><tr><td class=\"has-text-align-center\" data-align=\"center\">Jefe del Departamento de Gastronom\u00eda del Hotel Escuela<\/td><td>Lic. Karla Donaxi Gonz\u00e1lez D\u00edaz&nbsp;<\/td><td><a href=\"mailto:kgonzalez@utbb.edu.mx\">kgonzalez@utbb.edu.mx<\/a><\/td><td><\/td><td>Hotel Escuela, Planta Baja<\/td><\/tr><tr><td class=\"has-text-align-center\" data-align=\"center\">Jefe del Departamento de Mantenimiento Industrial del Hotel Escuela<\/td><td>Juan Jos\u00e9 L\u00f3pez Fern\u00e1ndez&nbsp;<\/td><td><a href=\"mailto:jfernandez@utbb.edu.mx\">jfernandez@utbb.edu.mx<\/a><\/td><td><\/td><td>Hotel Escuela, Planta Baja<\/td><\/tr><tr><td class=\"has-text-align-center\" data-align=\"center\">Jefe del Departamento de Negocios Tur\u00edstico del Hotel Escuela<\/td><td>Mtra. Liliana Natali Camacho Bautista<\/td><td><a href=\"mailto:Lncamacho@utbb.edu.mx\">Lncamacho@utbb.edu.mx<\/a><\/td><td><\/td><td>Hotel Escuela, Planta Baja<\/td><\/tr><tr><td class=\"has-text-align-center\" data-align=\"center\">Jefe del Departamento de Administraci\u00f3n del Hotel Escuela<\/td><td>Lic. Cristina Itzel Esparza Garc\u00eda<\/td><td><a href=\"mailto:cesparza@utbb.edu.mx\">cesparza@utbb.edu.mx<\/a><\/td><td><\/td><td>Hotel Escuela, Planta Baja<\/td><\/tr><tr><td class=\"has-text-align-center\" data-align=\"center\">Jefe del Departamento de Calidad y Proyectos del Hotel Escuela<\/td><td>Dr. Tom\u00e1s Octavio Oceguera Becerra&nbsp;<\/td><td><a href=\"mailto:toceguera@utbb.edu.mx\">toceguera@utbb.edu.mx<\/a><\/td><td><\/td><td>Hotel Escuela, Planta Baja<\/td><\/tr><tr><td class=\"has-text-align-center\" data-align=\"center\" colspan=\"5\"><strong>DIRECCI\u00d3N DE ADMINISTRACI\u00d3N Y FINANZAS<\/strong><\/td><\/tr><tr><td class=\"has-text-align-center\" data-align=\"center\">Director<\/td><td>Lic. Juan Ricardo Hopkins Gonz\u00e1lez&nbsp;<\/td><td><a href=\"mailto:jrhopkins@utbb.edu.mx\">jrhopkins@utbb.edu.mx&nbsp;<\/a><\/td><td>1201<\/td><td>Docencia I, Planta baja<\/td><\/tr><tr><td class=\"has-text-align-center\" data-align=\"center\">Jefe de Departamento<\/td><td>Lic. Daniel Salinas Morales&nbsp;<\/td><td><a href=\"mailto:dsalinas@utbb.edu.mx\">dsalinas@utbb.edu.mx<\/a><\/td><td>1207<\/td><td>Docencia I, Planta baja<\/td><\/tr><tr><td class=\"has-text-align-center\" data-align=\"center\">Jefe de Departamento&nbsp;<\/td><td>Lic. Carlos Amauri Guardado L\u00f3pez&nbsp;<\/td><td><a href=\"mailto:cguardado@utbb.edu.mx\">cguardado@utbb.edu.mx&nbsp;<\/a><\/td><td>1206<\/td><td>Docencia I, Planta baja<\/td><\/tr><tr><td class=\"has-text-align-center\" data-align=\"center\" colspan=\"5\"><strong>DIRECCI\u00d3N JUR\u00cdDICA<\/strong><\/td><\/tr><tr><td class=\"has-text-align-center\" data-align=\"center\">Encargada de Direcci\u00f3n Jur\u00eddica<\/td><td>Lic. Brenda Elo\u00edsa Pe\u00f1a Morales&nbsp;<\/td><td><a href=\"mailto:bpena@utbb.edu.mx\">bpena@utbb.edu.mx<\/a><\/td><td>1104<\/td><td>Docencia I, Planta baja<\/td><\/tr><tr><td class=\"has-text-align-center\" data-align=\"center\" colspan=\"5\"><strong>\u00d3RGANO INTERNO DE CONTROL<\/strong><\/td><\/tr><tr><td class=\"has-text-align-center\" data-align=\"center\">Titular de \u00d3rgano Interno de Control<\/td><td>Lic. Italo Fernando L\u00f3pez Navarrete&nbsp;<\/td><td><a href=\"mailto:iflopez@utbb.edu.mx\">iflopez@utbb.edu.mx<\/a><\/td><td>1212<\/td><td>Docencia I, Planta baja<\/td><\/tr><tr><td class=\"has-text-align-center\" data-align=\"center\">Investigador Especializado del OIC<\/td><td>Lic. Jos\u00e9 Mart\u00edn Lamas L\u00f3pez&nbsp;<\/td><td><a href=\"mailto:jlamas@utbb.edu.mx\">jlamas@utbb.edu.mx<\/a><\/td><td><\/td><td>Docencia I, Planta baja<\/td><\/tr><\/tbody><\/table><\/figure>\n","protected":false},"excerpt":{"rendered":"<p>Boulevard Nuevo Vallarta 65, Nuevo Nayarit, Bah\u00eda de Banderas, Nayarit, M\u00e9xico, C.P. 63735Tel\u00e9fono (+52) 322 226 8300 Puesto Nombre Correo Extensi\u00f3n Ubicaci\u00f3n RECTOR\u00cdA Rector Dr. Isaak Rivera Delgadillo rectoria@utbb.edu.mx 1107 Docencia I, Planta Alta Jefe de Departamento de la Secretar\u00eda T\u00e9cnica Lic. Jorge Eduardo Salazar Guitron jsalazar@utbb.edu.mx 1107 Docencia I, Planta Alta SECRETAR\u00cdA ACAD\u00c9MICA Secretario [&hellip;]<\/p>\n","protected":false},"author":1,"featured_media":0,"parent":0,"menu_order":0,"comment_status":"closed","ping_status":"closed","template":"","meta":{"footnotes":""},"class_list":["post-2003","page","type-page","status-publish","hentry","latest_post"],"_links":{"self":[{"href":"https:\/\/www.utbb.edu.mx\/index.php?rest_route=\/wp\/v2\/pages\/2003","targetHints":{"allow":["GET"]}}],"collection":[{"href":"https:\/\/www.utbb.edu.mx\/index.php?rest_route=\/wp\/v2\/pages"}],"about":[{"href":"https:\/\/www.utbb.edu.mx\/index.php?rest_route=\/wp\/v2\/types\/page"}],"author":[{"embeddable":true,"href":"https:\/\/www.utbb.edu.mx\/index.php?rest_route=\/wp\/v2\/users\/1"}],"replies":[{"embeddable":true,"href":"https:\/\/www.utbb.edu.mx\/index.php?rest_route=%2Fwp%2Fv2%2Fcomments&post=2003"}],"version-history":[{"count":12,"href":"https:\/\/www.utbb.edu.mx\/index.php?rest_route=\/wp\/v2\/pages\/2003\/revisions"}],"predecessor-version":[{"id":3722,"href":"https:\/\/www.utbb.edu.mx\/index.php?rest_route=\/wp\/v2\/pages\/2003\/revisions\/3722"}],"wp:attachment":[{"href":"https:\/\/www.utbb.edu.mx\/index.php?rest_route=%2Fwp%2Fv2%2Fmedia&parent=2003"}],"curies":[{"name":"wp","href":"https:\/\/api.w.org\/{rel}","templated":true}]}}