{"id":1874,"date":"2024-06-18T19:47:33","date_gmt":"2024-06-19T01:47:33","guid":{"rendered":"http:\/\/www.utbb.edu.mx\/?page_id=1874"},"modified":"2024-06-18T19:47:34","modified_gmt":"2024-06-19T01:47:34","slug":"filosofia-organizacional","status":"publish","type":"page","link":"https:\/\/www.utbb.edu.mx\/?page_id=1874","title":{"rendered":"Filosof\u00eda Organizacional"},"content":{"rendered":"\n<h4 class=\"wp-block-heading\"><strong>Misi\u00f3n<\/strong><\/h4>\n\n\n\n<p class=\"justificar\">\u201cFormar profesionistas competentes y emprendedores, capaces de responder a las necesidades del desarrollo sostenible, permitiendo elevar su calidad de vida al impartirles una educaci\u00f3n integral, as\u00ed como ofertar servicios tecnol\u00f3gicos y educaci\u00f3n continua con capital humano de excelencia e infraestructura de vanguardia, fortalecida a trav\u00e9s de una vinculaci\u00f3n permanente.\u201d<\/p>\n\n\n\n<h4 class=\"wp-block-heading\"><strong>Visi\u00f3n<\/strong><\/h4>\n\n\n\n<p class=\"justificar\">\u201cSer una Universidad consolidada y de prestigio, especializada en el sector Tur\u00edstico, reconocida nacional e internacionalmente por sus est\u00e1ndares de calidad, formadora de l\u00edderes competentes que participen en el desarrollo del pa\u00eds, generadora de investigaci\u00f3n, aplicaci\u00f3n e innovaci\u00f3n tecnol\u00f3gica.\u201d<\/p>\n\n\n\n<h4 class=\"wp-block-heading\"><strong>Valores Institucionales<\/strong><\/h4>\n\n\n\n<ul class=\"wp-block-list\">\n<li><strong>Respeto. <\/strong>Aceptar la individualidad de los dem\u00e1s y acatar las normas y pol\u00edticas institucionales.<\/li>\n\n\n\n<li class=\"justificar\"><strong>Honestidad. <\/strong>Hablar y actuar con la verdad siempre y en todo lugar.<\/li>\n\n\n\n<li><strong>Lealtad. <\/strong>Desempe\u00f1arse fiel a las pol\u00edticas institucionales con entrega y apoyo incondicional en el rol que nos corresponda.<\/li>\n\n\n\n<li><strong>Compromiso. <\/strong>Invertir nuestras capacidades y recursos para cumplir todo lo que se nos conf\u00eda.<\/li>\n\n\n\n<li><strong>Disciplina. <\/strong>Actuar de manera ordenada, conforme a los lineamientos y normas que nos rigen.<\/li>\n\n\n\n<li><strong>Responsabilidad. <\/strong>Asumir el papel que nos corresponde y las consecuencias de nuestras acciones y decisiones con actitud de servicio.<\/li>\n\n\n\n<li><strong>Perseverancia. <\/strong>Luchar constantemente para lograr el \u00e9xito.<\/li>\n\n\n\n<li><strong>Orgullo.<\/strong> Actuar con sentido de pertenencia institucional.<\/li>\n<\/ul>\n","protected":false},"excerpt":{"rendered":"<p>Misi\u00f3n \u201cFormar profesionistas competentes y emprendedores, capaces de responder a las necesidades del desarrollo sostenible, permitiendo elevar su calidad de vida al impartirles una educaci\u00f3n integral, as\u00ed como ofertar servicios tecnol\u00f3gicos y educaci\u00f3n continua con capital humano de excelencia e infraestructura de vanguardia, fortalecida a trav\u00e9s de una vinculaci\u00f3n permanente.\u201d Visi\u00f3n \u201cSer una Universidad consolidada [&hellip;]<\/p>\n","protected":false},"author":1,"featured_media":0,"parent":0,"menu_order":0,"comment_status":"closed","ping_status":"closed","template":"","meta":{"footnotes":""},"class_list":["post-1874","page","type-page","status-publish","hentry","latest_post"],"_links":{"self":[{"href":"https:\/\/www.utbb.edu.mx\/index.php?rest_route=\/wp\/v2\/pages\/1874","targetHints":{"allow":["GET"]}}],"collection":[{"href":"https:\/\/www.utbb.edu.mx\/index.php?rest_route=\/wp\/v2\/pages"}],"about":[{"href":"https:\/\/www.utbb.edu.mx\/index.php?rest_route=\/wp\/v2\/types\/page"}],"author":[{"embeddable":true,"href":"https:\/\/www.utbb.edu.mx\/index.php?rest_route=\/wp\/v2\/users\/1"}],"replies":[{"embeddable":true,"href":"https:\/\/www.utbb.edu.mx\/index.php?rest_route=%2Fwp%2Fv2%2Fcomments&post=1874"}],"version-history":[{"count":4,"href":"https:\/\/www.utbb.edu.mx\/index.php?rest_route=\/wp\/v2\/pages\/1874\/revisions"}],"predecessor-version":[{"id":1878,"href":"https:\/\/www.utbb.edu.mx\/index.php?rest_route=\/wp\/v2\/pages\/1874\/revisions\/1878"}],"wp:attachment":[{"href":"https:\/\/www.utbb.edu.mx\/index.php?rest_route=%2Fwp%2Fv2%2Fmedia&parent=1874"}],"curies":[{"name":"wp","href":"https:\/\/api.w.org\/{rel}","templated":true}]}}