{"id":1789,"date":"2024-06-12T14:41:00","date_gmt":"2024-06-12T20:41:00","guid":{"rendered":"http:\/\/www.utbb.edu.mx\/?page_id=1789"},"modified":"2024-06-12T14:42:40","modified_gmt":"2024-06-12T20:42:40","slug":"servicios-escolares","status":"publish","type":"page","link":"https:\/\/www.utbb.edu.mx\/?page_id=1789","title":{"rendered":"Servicios Escolares"},"content":{"rendered":"\n<p class=\"justificar\">La Subdirecci\u00f3n de Servicios Escolares es la que se encarga de aplicar la reglamentaci\u00f3n de la Universidad aplicables a su \u00e1rea de competencia en los procesos de inscripci\u00f3n, registro escolar, cumplimiento de planes de estudio, pol\u00edticas de evaluaci\u00f3n, titulaci\u00f3n, becas, validaciones y equivalencias.&nbsp;<\/p>\n\n\n\n<p><strong>Servicios que ofrecemos:<\/strong><\/p>\n\n\n\n<ul class=\"wp-block-list\">\n<li>Examen de admisi\u00f3n<\/li>\n\n\n\n<li>Inscripciones<\/li>\n\n\n\n<li>Re-inscripciones<\/li>\n\n\n\n<li>Expedici\u00f3n de credenciales<\/li>\n\n\n\n<li>Expedici\u00f3n de constancias de estudio con o sin calificaciones<\/li>\n\n\n\n<li>Ingresos extempor\u00e1neos<\/li>\n\n\n\n<li>Titulaci\u00f3n<\/li>\n\n\n\n<li>Becas<\/li>\n<\/ul>\n\n\n\n<p><strong>Contacto<\/strong><br>Edificio de Biblioteca<br><strong>Tel\u00e9fono<\/strong><br>(+52) 322 226 8300 Ext. 1502<br><strong>Correo Institucional<\/strong><br><a href=\"mailto:atencion-alumnos@utbb.edu.mx\">atencion-alumnos@utbb.edu.mx<\/a><\/p>\n","protected":false},"excerpt":{"rendered":"<p>La Subdirecci\u00f3n de Servicios Escolares es la que se encarga de aplicar la reglamentaci\u00f3n de la Universidad aplicables a su \u00e1rea de competencia en los procesos de inscripci\u00f3n, registro escolar, cumplimiento de planes de estudio, pol\u00edticas de evaluaci\u00f3n, titulaci\u00f3n, becas, validaciones y equivalencias.&nbsp; Servicios que ofrecemos: ContactoEdificio de BibliotecaTel\u00e9fono(+52) 322 226 8300 Ext. 1502Correo Institucionalatencion-alumnos@utbb.edu.mx<\/p>\n","protected":false},"author":1,"featured_media":0,"parent":0,"menu_order":0,"comment_status":"closed","ping_status":"closed","template":"","meta":{"footnotes":""},"class_list":["post-1789","page","type-page","status-publish","hentry","latest_post"],"_links":{"self":[{"href":"https:\/\/www.utbb.edu.mx\/index.php?rest_route=\/wp\/v2\/pages\/1789","targetHints":{"allow":["GET"]}}],"collection":[{"href":"https:\/\/www.utbb.edu.mx\/index.php?rest_route=\/wp\/v2\/pages"}],"about":[{"href":"https:\/\/www.utbb.edu.mx\/index.php?rest_route=\/wp\/v2\/types\/page"}],"author":[{"embeddable":true,"href":"https:\/\/www.utbb.edu.mx\/index.php?rest_route=\/wp\/v2\/users\/1"}],"replies":[{"embeddable":true,"href":"https:\/\/www.utbb.edu.mx\/index.php?rest_route=%2Fwp%2Fv2%2Fcomments&post=1789"}],"version-history":[{"count":2,"href":"https:\/\/www.utbb.edu.mx\/index.php?rest_route=\/wp\/v2\/pages\/1789\/revisions"}],"predecessor-version":[{"id":1791,"href":"https:\/\/www.utbb.edu.mx\/index.php?rest_route=\/wp\/v2\/pages\/1789\/revisions\/1791"}],"wp:attachment":[{"href":"https:\/\/www.utbb.edu.mx\/index.php?rest_route=%2Fwp%2Fv2%2Fmedia&parent=1789"}],"curies":[{"name":"wp","href":"https:\/\/api.w.org\/{rel}","templated":true}]}}