{"id":1786,"date":"2024-06-12T14:37:16","date_gmt":"2024-06-12T20:37:16","guid":{"rendered":"http:\/\/www.utbb.edu.mx\/?page_id=1786"},"modified":"2025-02-25T16:01:32","modified_gmt":"2025-02-25T22:01:32","slug":"aspirantes","status":"publish","type":"page","link":"https:\/\/www.utbb.edu.mx\/?page_id=1786","title":{"rendered":"Aspirantes"},"content":{"rendered":"\n<p class=\"justificar\">Bienvenidos al portal de registro de la Universidad Tecnol\u00f3gica de Bah\u00eda de Banderas, muchas gracias por tu inter\u00e9s en estudiar con nosotros.<\/p>\n\n\n\n<p class=\"justificar\">Realiza tu registro en l\u00ednea ingresando a <a href=\"http:\/\/seed.utbb.edu.mx\/preregistro\/\">http:\/\/seed.utbb.edu.mx\/preregistro\/<\/a> y ten a la mano la siguiente documentaci\u00f3n digital en formato PDF (peso m\u00e1ximo 2 MB), ya que deber\u00e1s de subir tu archivo a la plataforma. Es importante se\u00f1alar, que debes escanear tus documentos por separado y tener listos cada documento en un archivo PDF.<\/p>\n\n\n\n<ul class=\"wp-block-list\">\n<li>Acta de nacimiento reciente (emitidas en el a\u00f1o corriente)<\/li>\n\n\n\n<li>Certificado de la preparatoria<\/li>\n\n\n\n<li>CURP<\/li>\n<\/ul>\n\n\n\n<p class=\"justificar\">Al finalizar tu registro, el sistema te emitir\u00e1 un comprobante con tu n\u00famero de folio, la referencia de pago para que asistas al banco a pagar tu examen y las indicaciones para el mismo.<\/p>\n\n\n\n<p class=\"justificar\">Nuestro examen de admisi\u00f3n es en l\u00ednea, por lo cual podr\u00e1s realizarlo desde la comodidad de tu hogar.<\/p>\n\n\n\n<p><strong>Fecha del examen: <\/strong>24 de mayo 2025<br><strong>Inicio de Clases: <\/strong>02 de septiembre 2025<\/p>\n\n\n\n<p>Contamos con 11 Programas Educativos:<\/p>\n\n\n\n<ul class=\"wp-block-list\">\n<li><a href=\"http:\/\/192.168.22.9\/utbb.edu.mx\/?page_id=99\">Licenciatura en Gastronom\u00eda<\/a><\/li>\n\n\n\n<li><a href=\"http:\/\/192.168.22.9\/utbb.edu.mx\/?page_id=103\">Licenciatura en Gesti\u00f3n y Desarrollo Tur\u00edstico<\/a><\/li>\n\n\n\n<li><a href=\"http:\/\/192.168.22.9\/utbb.edu.mx\/?page_id=106\">Ingenier\u00eda en Mantenimiento Industrial<\/a><\/li>\n\n\n\n<li><a href=\"http:\/\/192.168.22.9\/utbb.edu.mx\/?page_id=98\">Ingenier\u00eda en Tecnolog\u00edas de la Informaci\u00f3n e Innovaci\u00f3n Digital<\/a><\/li>\n\n\n\n<li><a href=\"http:\/\/192.168.22.9\/utbb.edu.mx\/?page_id=102\">Ingenier\u00eda en Energ\u00edas y Desarrollo Sostenible<\/a><\/li>\n\n\n\n<li><a href=\"http:\/\/192.168.22.9\/utbb.edu.mx\/?page_id=104\">Ingenier\u00eda en Agricultura Sustentable y Protegida<\/a><\/li>\n\n\n\n<li><a href=\"http:\/\/192.168.22.9\/utbb.edu.mx\/?page_id=101\">Licenciatura en Terapia F\u00edsica<\/a><\/li>\n\n\n\n<li><a href=\"http:\/\/192.168.22.9\/utbb.edu.mx\/?page_id=100\">Licenciatura en Negocios y Mercadotecnia<\/a><\/li>\n\n\n\n<li><a href=\"http:\/\/192.168.22.9\/utbb.edu.mx\/?page_id=1217\">Licenciatura en Contadur\u00eda<\/a><\/li>\n\n\n\n<li><a href=\"http:\/\/maestria.utbb.edu.mx\/index.php\/course\/maestria-en-gestion-del-mantenimiento-4-0\/\">Maestr\u00eda en Gesti\u00f3n del Mantenimiento 4.0<\/a><\/li>\n\n\n\n<li><a href=\"http:\/\/maestria.utbb.edu.mx\/index.php\/course\/maestria-en-gestion-de-proyectos-estrategicos-sostenibles\/\">Maestr\u00eda en Gesti\u00f3n de Proyectos Estrat\u00e9gicos Sostenibles<\/a><\/li>\n<\/ul>\n\n\n\n<p><strong>Contacto<\/strong><br>Edificio de Biblioteca<br><strong>Tel\u00e9fono<\/strong><br>(+52) 322 226 8300 Ext. 1502<br><strong>Correo Institucional<\/strong><br><a href=\"mailto:ingreso@utbb.edu.mx\">ingreso@utbb.edu.mx<\/a><\/p>\n","protected":false},"excerpt":{"rendered":"<p>Bienvenidos al portal de registro de la Universidad Tecnol\u00f3gica de Bah\u00eda de Banderas, muchas gracias por tu inter\u00e9s en estudiar con nosotros. Realiza tu registro en l\u00ednea ingresando a http:\/\/seed.utbb.edu.mx\/preregistro\/ y ten a la mano la siguiente documentaci\u00f3n digital en formato PDF (peso m\u00e1ximo 2 MB), ya que deber\u00e1s de subir tu archivo a la [&hellip;]<\/p>\n","protected":false},"author":1,"featured_media":0,"parent":0,"menu_order":0,"comment_status":"closed","ping_status":"closed","template":"","meta":{"footnotes":""},"class_list":["post-1786","page","type-page","status-publish","hentry","latest_post"],"_links":{"self":[{"href":"https:\/\/www.utbb.edu.mx\/index.php?rest_route=\/wp\/v2\/pages\/1786","targetHints":{"allow":["GET"]}}],"collection":[{"href":"https:\/\/www.utbb.edu.mx\/index.php?rest_route=\/wp\/v2\/pages"}],"about":[{"href":"https:\/\/www.utbb.edu.mx\/index.php?rest_route=\/wp\/v2\/types\/page"}],"author":[{"embeddable":true,"href":"https:\/\/www.utbb.edu.mx\/index.php?rest_route=\/wp\/v2\/users\/1"}],"replies":[{"embeddable":true,"href":"https:\/\/www.utbb.edu.mx\/index.php?rest_route=%2Fwp%2Fv2%2Fcomments&post=1786"}],"version-history":[{"count":7,"href":"https:\/\/www.utbb.edu.mx\/index.php?rest_route=\/wp\/v2\/pages\/1786\/revisions"}],"predecessor-version":[{"id":3620,"href":"https:\/\/www.utbb.edu.mx\/index.php?rest_route=\/wp\/v2\/pages\/1786\/revisions\/3620"}],"wp:attachment":[{"href":"https:\/\/www.utbb.edu.mx\/index.php?rest_route=%2Fwp%2Fv2%2Fmedia&parent=1786"}],"curies":[{"name":"wp","href":"https:\/\/api.w.org\/{rel}","templated":true}]}}