{"id":1759,"date":"2024-06-10T18:29:20","date_gmt":"2024-06-11T00:29:20","guid":{"rendered":"http:\/\/www.utbb.edu.mx\/?page_id=1759"},"modified":"2024-06-10T18:29:21","modified_gmt":"2024-06-11T00:29:21","slug":"estancias-y-estadias","status":"publish","type":"page","link":"https:\/\/www.utbb.edu.mx\/?page_id=1759","title":{"rendered":"Estancias y Estad\u00edas"},"content":{"rendered":"\n<p class=\"justificar\">El Modelo Educativo de la Universidad Tecnol\u00f3gica de Bah\u00eda de Banderas contempla 3 periodos en el cual permite que el estudiante conozca el mercado laboral y poner en pr\u00e1ctica sus conocimientos, habilidades y destrezas propias del perfil profesional de la carrera que estudia.<\/p>\n\n\n\n<p class=\"justificar\">El primer periodo llamado ESTANCIA, comienza a mediados de diciembre y tiene una duraci\u00f3n de 3 semanas, y se realiza al finalizar el 4o Cuatrimestre para todas las carreras. En este periodo los alumnos se familiarizan con la empresa y llevan a cabo sus pr\u00e1cticas profesionales en un \u00e1rea a fin de su carrera, durante 8 horas diarias, 6 d\u00edas a la semana, realizando m\u00ednimo 150 horas.<\/p>\n\n\n\n<p class=\"justificar\">El segundo periodo, llamado ESTAD\u00cdA de TSU, el cual, se realiza en 6o cuatrimestre, en el periodo de mayo a agosto, con una duraci\u00f3n de 12 a 16 semanas como m\u00e1ximo, cubriendo un m\u00ednimo de 525 horas, en el cual, el estudiante realiza un proyecto funcional para la empresa en \u00e1reas m\u00e1s operativas, en compa\u00f1\u00eda de un asesor empresarial y un asesor acad\u00e9mico. Una vez acreditada esta Estad\u00eda, el estudiante termina sus estudios de T\u00e9cnico Superior Universitario (TSU).<\/p>\n\n\n\n<p class=\"justificar\">El tercer periodo es la ESTAD\u00cdA de Licenciatura e Ingenier\u00eda, el cual, se realiza en el \u00faltimo cuatrimestre, en el 11vo., durante el periodo de enero a abril, con un m\u00ednimo de 480 horas. De igual manera, una vez acreditada esta Estad\u00eda, el estudiante termina sus estudios de Licenciatura e Ingenier\u00eda.<\/p>\n\n\n\n<p><strong>Contacto<\/strong><br>Planta Alta del Hotel-Escuela<\/p>\n\n\n\n<p><strong>Tel\u00e9fono<\/strong><br>(+52) 322 226 8300 Ext. 1410<\/p>\n\n\n\n<p><strong>Correo Institucional<\/strong><br><a href=\"mailto:estadias@utbb.edu.mx\">estadias@utbb.edu.mx<\/a><\/p>\n","protected":false},"excerpt":{"rendered":"<p>El Modelo Educativo de la Universidad Tecnol\u00f3gica de Bah\u00eda de Banderas contempla 3 periodos en el cual permite que el estudiante conozca el mercado laboral y poner en pr\u00e1ctica sus conocimientos, habilidades y destrezas propias del perfil profesional de la carrera que estudia. El primer periodo llamado ESTANCIA, comienza a mediados de diciembre y tiene [&hellip;]<\/p>\n","protected":false},"author":1,"featured_media":0,"parent":0,"menu_order":0,"comment_status":"closed","ping_status":"closed","template":"","meta":{"footnotes":""},"class_list":["post-1759","page","type-page","status-publish","hentry","latest_post"],"_links":{"self":[{"href":"https:\/\/www.utbb.edu.mx\/index.php?rest_route=\/wp\/v2\/pages\/1759","targetHints":{"allow":["GET"]}}],"collection":[{"href":"https:\/\/www.utbb.edu.mx\/index.php?rest_route=\/wp\/v2\/pages"}],"about":[{"href":"https:\/\/www.utbb.edu.mx\/index.php?rest_route=\/wp\/v2\/types\/page"}],"author":[{"embeddable":true,"href":"https:\/\/www.utbb.edu.mx\/index.php?rest_route=\/wp\/v2\/users\/1"}],"replies":[{"embeddable":true,"href":"https:\/\/www.utbb.edu.mx\/index.php?rest_route=%2Fwp%2Fv2%2Fcomments&post=1759"}],"version-history":[{"count":1,"href":"https:\/\/www.utbb.edu.mx\/index.php?rest_route=\/wp\/v2\/pages\/1759\/revisions"}],"predecessor-version":[{"id":1760,"href":"https:\/\/www.utbb.edu.mx\/index.php?rest_route=\/wp\/v2\/pages\/1759\/revisions\/1760"}],"wp:attachment":[{"href":"https:\/\/www.utbb.edu.mx\/index.php?rest_route=%2Fwp%2Fv2%2Fmedia&parent=1759"}],"curies":[{"name":"wp","href":"https:\/\/api.w.org\/{rel}","templated":true}]}}